{"id":1332,"date":"2022-03-02T10:19:21","date_gmt":"2022-03-02T09:19:21","guid":{"rendered":"https:\/\/demo.creativethemes.com\/blocksy\/home-decor\/?page_id=12"},"modified":"2023-05-26T09:13:46","modified_gmt":"2023-05-26T07:13:46","slug":"quienes-somos","status":"publish","type":"page","link":"https:\/\/www.aceitesmalagon.com\/en\/quienes-somos\/","title":{"rendered":"Quienes somos"},"content":{"rendered":"\n<div class=\"wp-block-media-text alignwide is-stacked-on-mobile\" style=\"grid-template-columns:45% auto\"><figure class=\"wp-block-media-text__media\"><img loading=\"lazy\" decoding=\"async\" width=\"700\" height=\"481\" src=\"https:\/\/www.aceitesmalagon.com\/wp-content\/uploads\/sites\/3\/2023\/05\/historia-aceites-malagon.jpeg\" alt=\"\" class=\"wp-image-1427 size-full\" srcset=\"https:\/\/www.aceitesmalagon.com\/en\/wp-content\/uploads\/sites\/3\/2023\/05\/historia-aceites-malagon.jpeg 700w, https:\/\/www.aceitesmalagon.com\/en\/wp-content\/uploads\/sites\/3\/2023\/05\/historia-aceites-malagon-300x206.jpeg 300w, https:\/\/www.aceitesmalagon.com\/en\/wp-content\/uploads\/sites\/3\/2023\/05\/historia-aceites-malagon-500x344.jpeg 500w\" sizes=\"(max-width: 700px) 100vw, 700px\" \/><\/figure><div class=\"wp-block-media-text__content\">\n<h2 class=\"wp-block-heading\">Nuestra historia<\/h2>\n\n\n\n<p>Aceites Malag\u00f3n S.L., es una empresa familiar de larga trayectoria, fundada en 1980, y dedicada a la elaboraci\u00f3n, envasado y comercializaci\u00f3n de aceite de oliva virgen extra de gran calidad. La firma est\u00e1 ubicada en la localidad de Malag\u00f3n, en el coraz\u00f3n de la denominaci\u00f3n de origen olivarera Montes de Toledo, una de las m\u00e1s prestigiosas y reconocidas de todo el panorama ole\u00edcola espa\u00f1ol y mundial.<\/p>\n\n\n\n<p>Rodeados de inmensas extensiones de olivos de la variedad \u201cCornicabra\u201d, el objetivo cumplido, campa\u00f1a tras campa\u00f1a, es que la aceitunas, limpias y frescas, tarden escasas horas en llegar desde su recogida en el \u00e1rbol, hasta nuestras instalaciones de molturaci\u00f3n. <\/p>\n\n\n\n<p>Ello permite obtener un aceite que mantenga todas sus propiedades de intensidad arom\u00e1tica, frutosidad y estructura; as\u00ed como conseguir su calificaci\u00f3n como \u201cvirgen extra\u201d, por el panel de cata y control de la Denominaci\u00f3n de Origen Montes de Toledo.<\/p>\n\n\n\n<p>Unos aceites cuyos niveles de excelencia nos ha permitido obtener premios y menciones, tanto en cert\u00e1menes de calidad, como en referencias en la prensa gastron\u00f3mica espa\u00f1ola.<\/p>\n<\/div><\/div>\n\n\n\n<div class=\"wp-block-media-text has-media-on-the-right is-stacked-on-mobile\" style=\"grid-template-columns:auto 25%\"><div class=\"wp-block-media-text__content\">\n<h2 class=\"wp-block-heading\">Nuestros productos<\/h2>\n\n\n\n<p>Aceites Malag\u00f3n S.L., dispone de una variada gama de productos. <\/p>\n\n\n\n<p>El principal de ellos en el aceite de oliva virgen extra con denominaci\u00f3n de origen, dirigido a la alta gastronom\u00eda; pero igualmente elaboramos una original gama de aceites aromatizados al romero, tomillo, ajo, pimienta negra y barbacoa; as\u00ed como vinagres especiales para combinar con estos aceites, con el objetivo de ofrecer un lote a gusto de los consumidores inquietos.<\/p>\n\n\n\n<p>Tambi\u00e9n, y desde el principio, nuestra firma ha sido seleccionada para elaborar aceites de oliva virgen extra con el estricto certificado jud\u00edo Kosher, dadas nuestras caracter\u00edsticas de organizaci\u00f3n y limpieza.<\/p>\n<\/div><figure class=\"wp-block-media-text__media\"><img loading=\"lazy\" decoding=\"async\" width=\"500\" height=\"800\" src=\"https:\/\/www.aceitesmalagon.com\/wp-content\/uploads\/sites\/3\/2016\/11\/aceite-jarra-zaitum.png\" alt=\"\" class=\"wp-image-899 size-full\" srcset=\"https:\/\/www.aceitesmalagon.com\/en\/wp-content\/uploads\/sites\/3\/2016\/11\/aceite-jarra-zaitum.png 500w, https:\/\/www.aceitesmalagon.com\/en\/wp-content\/uploads\/sites\/3\/2016\/11\/aceite-jarra-zaitum-188x300.png 188w, https:\/\/www.aceitesmalagon.com\/en\/wp-content\/uploads\/sites\/3\/2016\/11\/aceite-jarra-zaitum-300x480.png 300w\" sizes=\"(max-width: 500px) 100vw, 500px\" \/><\/figure><\/div>\n\n\n\n<div class=\"wp-block-stackable-columns stk-block-columns stk-block stk-e2466be\" data-block-id=\"e2466be\"><div class=\"stk-row stk-inner-blocks stk-block-content stk-content-align stk-e2466be-column\">\n<div class=\"wp-block-stackable-column stk-block-column stk-column stk-block stk-de4e617\" data-v=\"4\" data-block-id=\"de4e617\"><style>.stk-de4e617{align-self:center !important}<\/style><div class=\"stk-column-wrapper stk-block-column__content stk-container stk-de4e617-container stk--no-background stk--no-padding\"><div class=\"stk-block-content stk-inner-blocks stk-de4e617-inner-blocks\">\n<p><strong>Aceites Malag\u00f3n S.L.<\/strong>, dispone de una larga tradici\u00f3n comercializadora, con una s\u00f3lida red de distribuci\u00f3n, por todo el pa\u00eds; y una gran vocaci\u00f3n exportadora. Las caracter\u00edsticas de nuestra almazara y envasadora, donde se combina la m\u00e1s moderna tecnolog\u00eda con sistemas tradicionales de elaboraci\u00f3n, nos permite mantener inerte nuestros aceites en sus dep\u00f3sitos, y poder servirlos a nuestros clientes en perfecto estado de conservaci\u00f3n y frescura, en los plazos solicitados.<\/p>\n\n\n\n<p>Aparte de estar certificados por la norma EN45011, que exige la denominaci\u00f3n de origen Montes de Toledo, en nuestra firma se realizan controles exhaustivos de calidad y conservaci\u00f3n, que nos ha permitido contar con la fidelidad de nuestros clientes, objetivo central de nuestra empresa.<\/p>\n\n\n\n<p>Las certificaciones de calidad, los premios obtenidos, las elogiosas referencias en la prensa, y la fidelidad de nuestros clientes, hacen de Aceites Malag\u00f3n una de las firmas m\u00e1s fiables y s\u00f3lidas del panorama ole\u00edcola espa\u00f1ol, y por extensi\u00f3n del mundo.<\/p>\n<\/div><\/div><\/div>\n\n\n\n<div class=\"wp-block-stackable-column stk-block-column stk-column stk-block stk-a9539fd\" data-v=\"4\" data-block-id=\"a9539fd\"><div class=\"stk-column-wrapper stk-block-column__content stk-container stk-a9539fd-container stk--no-background stk--no-padding\"><div class=\"stk-block-content stk-inner-blocks stk-a9539fd-inner-blocks\">\n<div class=\"wp-block-stackable-video-popup stk-block-video-popup stk-block stk-c37450b\" data-video=\"https:\/\/youtu.be\/Ko45Oy313bY\" data-block-id=\"c37450b\"><style>.stk-c37450b{margin-bottom:0px !important}<\/style><button class=\"stk-block-video-popup__overlay stk-row stk-inner-blocks stk-block-content stk-hover-parent\" aria-label=\"Play Video\">\n<div class=\"wp-block-stackable-icon stk-block-icon has-text-align-center stk-block stk-95515ee\" data-block-id=\"95515ee\"><style>.stk-95515ee .stk--svg-wrapper .stk--inner-svg svg:last-child{height:70px !important;width:70px !important}.stk-95515ee .stk--svg-wrapper .stk--inner-svg svg:last-child,.stk-95515ee .stk--svg-wrapper .stk--inner-svg svg:last-child :is(g,path,rect,polygon,ellipse){fill:var(--theme-palette-color-8,#ffffff) !important}<\/style><span class=\"stk--svg-wrapper\"><div class=\"stk--inner-svg\"><svg style=\"height:0;width:0\"><defs><linearGradient id=\"linear-gradient-95515ee\" x1=\"0\" x2=\"100%\" y1=\"0\" y2=\"0\"><stop offset=\"0%\" style=\"stop-opacity:1;stop-color:var(--linear-gradient-95515-ee-color-1)\"><\/stop><stop offset=\"100%\" style=\"stop-opacity:1;stop-color:var(--linear-gradient-95515-ee-color-2)\"><\/stop><\/linearGradient><\/defs><\/svg><svg class=\"ugb-custom-icon\" xmlns=\"http:\/\/www.w3.org\/2000\/svg\" viewBox=\"0 0 90 90\" aria-hidden=\"true\" width=\"32\" height=\"32\"><path fill=\"#fff\" d=\"M45 90.005a44.719 44.719 0 0 1-17.516-3.537 44.844 44.844 0 0 1-14.3-9.645 44.85 44.85 0 0 1-9.645-14.3A44.719 44.719 0 0 1 .002 45.007a44.719 44.719 0 0 1 3.537-17.516 44.85 44.85 0 0 1 9.645-14.3 44.855 44.855 0 0 1 14.3-9.644A44.729 44.729 0 0 1 45 .005a44.729 44.729 0 0 1 17.516 3.536 44.837 44.837 0 0 1 14.3 9.644 44.841 44.841 0 0 1 9.644 14.3 44.729 44.729 0 0 1 3.536 17.516 44.729 44.729 0 0 1-3.536 17.516 44.848 44.848 0 0 1-9.644 14.3 44.845 44.845 0 0 1-14.3 9.645A44.719 44.719 0 0 1 45 90.005Zm-9-58.22a1 1 0 0 0-1 1V62.22a1 1 0 0 0 1 1 .989.989 0 0 0 .52-.147l24.082-14.718a.992.992 0 0 0 .478-.853.992.992 0 0 0-.478-.853L36.52 31.931a1 1 0 0 0-.52-.15Z\"><\/path><\/svg><\/div><\/span><\/div>\n\n\n\n<div class=\"wp-block-stackable-image stk-block-image stk-block stk-a3e3938\" data-block-id=\"a3e3938\"><style>.stk-a3e3938 .stk-img-wrapper{height:450px !important}:where(.stk-hover-parent:hover,.stk-hover-parent.stk--is-hovered) .stk-a3e3938 .stk-img-wrapper img{filter:brightness(0.9) !important}.stk-a3e3938 .stk-img-wrapper img{object-position:52% 0% !important}@media screen and (max-width:767px){.stk-a3e3938 .stk-img-wrapper{height:400px !important}}<\/style><figure class=\"stk-img-wrapper stk-image--shape-stretch\"><img loading=\"lazy\" decoding=\"async\" class=\"stk-img wp-image-1056\" src=\"https:\/\/www.aceitesmalagon.com\/wp-content\/uploads\/sites\/3\/2020\/01\/IMG_2425-scaled.jpg\" width=\"1920\" height=\"2560\" srcset=\"https:\/\/www.aceitesmalagon.com\/en\/wp-content\/uploads\/sites\/3\/2020\/01\/IMG_2425-scaled.jpg 1920w, https:\/\/www.aceitesmalagon.com\/en\/wp-content\/uploads\/sites\/3\/2020\/01\/IMG_2425-500x667.jpg 500w, https:\/\/www.aceitesmalagon.com\/en\/wp-content\/uploads\/sites\/3\/2020\/01\/IMG_2425-225x300.jpg 225w, https:\/\/www.aceitesmalagon.com\/en\/wp-content\/uploads\/sites\/3\/2020\/01\/IMG_2425-768x1024.jpg 768w\" sizes=\"(max-width: 1920px) 100vw, 1920px\" \/><\/figure><\/div>\n<\/button><\/div>\n<\/div><\/div><\/div>\n<\/div><\/div>\n","protected":false},"excerpt":{"rendered":"<p>Nuestra historia Aceites Malag\u00f3n S.L., es una empresa familiar de larga trayectoria, fundada en 1980, y dedicada a la elaboraci\u00f3n, envasado y comercializaci\u00f3n de aceite de oliva virgen extra de gran calidad. La firma est\u00e1 ubicada en la localidad de Malag\u00f3n, en el coraz\u00f3n de la denominaci\u00f3n de origen olivarera Montes de Toledo, una de [&hellip;]<\/p>\n","protected":false},"author":68,"featured_media":0,"parent":0,"menu_order":0,"comment_status":"closed","ping_status":"closed","template":"","meta":{"_trash_the_other_posts":false,"footnotes":""},"blocksy_meta":{"page_title_panel":"","has_hero_section":"default","4a6c26e3489cfc452f0c7089ef3cf078":"","hero_section":"type-1","hero_elements":[{"id":"custom_title","enabled":true,"heading_tag":"h1","title":"Home"},{"id":"custom_description","enabled":true,"description_visibility":{"desktop":true,"tablet":true,"mobile":false}},{"id":"custom_meta","enabled":false,"meta_elements":[{"id":"author","enabled":true,"label":"By","has_author_avatar":"yes","avatar_size":25},{"id":"post_date","enabled":true,"label":"On","date_format_source":"default","date_format":"M j, Y"},{"id":"updated_date","enabled":false,"label":"On","date_format_source":"default","date_format":"M j, Y"},{"id":"categories","enabled":false,"label":"In","style":"simple"},{"id":"comments","enabled":true}],"page_meta_elements":{"joined":true,"articles_count":true,"comments":true}},{"id":"breadcrumbs","enabled":false}],"fe562f922a7890432068950dda17c488":"","hero_alignment1":"CT_CSS_SKIP_RULE","hero_margin":40,"hero_alignment2":"center","hero_vertical_alignment":"center","21ff91474bdbf7e3262b971e98d91af2":"","hero_structure":"narrow","efbca305c45ecabd3d17e2c3bd7c910d":"","page_title_bg_type":"featured_image","custom_hero_background":{"attachment_id":null},"page_title_image_size":"full","parallax":{"desktop":false,"tablet":false,"mobile":false},"5ba28e80c5f05ca70537edad0eefaf73":"","hero_height":"250px","pageTitleFont":{"family":"Default","variation":"Default","size":"30px","line-height":"CT_CSS_SKIP_RULE","letter-spacing":"CT_CSS_SKIP_RULE","text-transform":"CT_CSS_SKIP_RULE","text-decoration":"CT_CSS_SKIP_RULE"},"pageTitleFontColor":{"default":{"color":"CT_CSS_SKIP_RULEDEFAULT"}},"pageMetaFont":{"family":"Default","variation":"n6","size":"12px","line-height":"1.3","letter-spacing":"CT_CSS_SKIP_RULE","text-transform":"uppercase","text-decoration":"CT_CSS_SKIP_RULE"},"pageMetaFontColor":{"default":{"color":"CT_CSS_SKIP_RULEDEFAULT"},"hover":{"color":"CT_CSS_SKIP_RULEDEFAULT"}},"page_meta_button_type_font_colors":{"default":{"color":"CT_CSS_SKIP_RULEDEFAULT"},"hover":{"color":"CT_CSS_SKIP_RULEDEFAULT"}},"page_meta_button_type_background_colors":{"default":{"color":"CT_CSS_SKIP_RULEDEFAULT"},"hover":{"color":"CT_CSS_SKIP_RULEDEFAULT"}},"pageExcerptFont":{"family":"Default","variation":"Default","size":"CT_CSS_SKIP_RULE","line-height":"CT_CSS_SKIP_RULE","letter-spacing":"CT_CSS_SKIP_RULE","text-transform":"CT_CSS_SKIP_RULE","text-decoration":"CT_CSS_SKIP_RULE"},"pageExcerptColor":{"default":{"color":"CT_CSS_SKIP_RULEDEFAULT"}},"breadcrumbsFont":{"family":"Default","variation":"Default","size":"CT_CSS_SKIP_RULE","line-height":"CT_CSS_SKIP_RULE","letter-spacing":"CT_CSS_SKIP_RULE","text-transform":"CT_CSS_SKIP_RULE","text-decoration":"CT_CSS_SKIP_RULE"},"breadcrumbsFontColor":{"default":{"color":"CT_CSS_SKIP_RULEDEFAULT"},"initial":{"color":"CT_CSS_SKIP_RULEDEFAULT"},"hover":{"color":"CT_CSS_SKIP_RULEDEFAULT"}},"pageTitleOverlay":{"background_type":"color","background_pattern":"type-1","background_image":{"attachment_id":null,"x":0,"y":0},"gradient":"linear-gradient(135deg,rgba(6,147,227,1) 0%,rgb(155,81,224) 100%)","background_repeat":"repeat","background_size":"auto","background_attachment":"scroll","patternColor":{"default":{"color":"#e5e7ea"}},"overlayColor":{"default":{"color":"CT_CSS_SKIP_RULE"}},"backgroundColor":{"default":{"color":"CT_CSS_SKIP_RULE"}}},"pageTitleBackground":{"background_type":"color","background_pattern":"type-1","background_image":{"attachment_id":null,"x":0,"y":0},"gradient":"linear-gradient(135deg,rgba(6,147,227,1) 0%,rgb(155,81,224) 100%)","background_repeat":"repeat","background_size":"auto","background_attachment":"scroll","patternColor":{"default":{"color":"#e5e7ea"}},"overlayColor":{"default":{"color":"CT_CSS_SKIP_RULE"}},"backgroundColor":{"default":{"color":"var(--theme-palette-color-6)"}}},"pageTitlePadding":{"top":"50px","bottom":"50px","left":"auto","right":"auto","linked":true},"a271f1d3e5a6bce1f48f7d72e3fe62cd":"","page_structure_type":"default","ac8f391930b733f81c8c2034fe54f4c4":"","content_style_source":"inherit","content_style":"wide","vertical_spacing_source":"custom","content_area_spacing":"both","background":{"background_type":"color","background_pattern":"type-1","background_image":{"attachment_id":null,"x":0,"y":0},"gradient":"linear-gradient(135deg,rgba(6,147,227,1) 0%,rgb(155,81,224) 100%)","background_repeat":"repeat","background_size":"auto","background_attachment":"scroll","patternColor":{"default":{"color":"#e5e7ea"}},"overlayColor":{"default":{"color":"CT_CSS_SKIP_RULE"}},"backgroundColor":{"default":{"color":"CT_CSS_SKIP_RULE"}}},"content_background":{"background_type":"color","background_pattern":"type-1","background_image":{"attachment_id":null,"x":0,"y":0},"gradient":"linear-gradient(135deg,rgba(6,147,227,1) 0%,rgb(155,81,224) 100%)","background_repeat":"repeat","background_size":"auto","background_attachment":"scroll","patternColor":{"default":{"color":"#e5e7ea"}},"overlayColor":{"default":{"color":"CT_CSS_SKIP_RULE"}},"backgroundColor":{"default":{"color":"var(--theme-palette-color-8)"}}},"content_boxed_shadow":{"inherit":false,"blur":18,"spread":-6,"v_offset":12,"h_offset":0,"inset":false,"enable":true,"color":{"color":"rgba(34, 56, 101, 0.04)"}},"boxed_content_spacing":{"desktop":{"top":"40px","bottom":"40px","left":"40px","right":"40px","linked":true},"tablet":{"top":"35px","bottom":"35px","left":"35px","right":"35px","linked":true},"mobile":{"top":"20px","bottom":"20px","left":"20px","right":"20px","linked":true}},"content_boxed_radius":{"top":"3px","bottom":"3px","left":"3px","right":"3px","linked":true},"a38c1b35b8d2e65b9d89492d033c438a":"","disable_featured_image":"no","disable_share_box":"no","disable_header":"no","disable_footer":"no"},"featured_image_urls":{"full":"","thumbnail":"","medium":"","medium_large":"","large":"","1536x1536":"","2048x2048":"","woocommerce_archive_thumbnail":"","woocommerce_thumbnail":"","woocommerce_single":"","woocommerce_gallery_thumbnail":""},"post_excerpt_stackable":"<p>Nuestra historia Aceites Malag\u00f3n S.L., es una empresa familiar de larga trayectoria, fundada en 1980, y dedicada a la elaboraci\u00f3n, envasado y comercializaci\u00f3n de aceite de oliva virgen extra de gran calidad. La firma est\u00e1 ubicada en la localidad de Malag\u00f3n, en el coraz\u00f3n de la denominaci\u00f3n de origen olivarera Montes de Toledo, una de las m\u00e1s prestigiosas y reconocidas de todo el panorama ole\u00edcola espa\u00f1ol y mundial. Rodeados de inmensas extensiones de olivos de la variedad \u201cCornicabra\u201d, el objetivo cumplido, campa\u00f1a tras campa\u00f1a, es que la aceitunas, limpias y frescas, tarden escasas horas en llegar desde su recogida en&hellip;<\/p>\n","category_list":"","author_info":{"name":"Sergio Calder\u00f3n","url":"https:\/\/www.aceitesmalagon.com\/en\/author\/sergio-calderon\/"},"comments_num":"0 comments","_links":{"self":[{"href":"https:\/\/www.aceitesmalagon.com\/en\/wp-json\/wp\/v2\/pages\/1332"}],"collection":[{"href":"https:\/\/www.aceitesmalagon.com\/en\/wp-json\/wp\/v2\/pages"}],"about":[{"href":"https:\/\/www.aceitesmalagon.com\/en\/wp-json\/wp\/v2\/types\/page"}],"author":[{"embeddable":true,"href":"https:\/\/www.aceitesmalagon.com\/en\/wp-json\/wp\/v2\/users\/68"}],"replies":[{"embeddable":true,"href":"https:\/\/www.aceitesmalagon.com\/en\/wp-json\/wp\/v2\/comments?post=1332"}],"version-history":[{"count":0,"href":"https:\/\/www.aceitesmalagon.com\/en\/wp-json\/wp\/v2\/pages\/1332\/revisions"}],"wp:attachment":[{"href":"https:\/\/www.aceitesmalagon.com\/en\/wp-json\/wp\/v2\/media?parent=1332"}],"curies":[{"name":"wp","href":"https:\/\/api.w.org\/{rel}","templated":true}]}}