{"id":1376,"date":"2023-05-26T05:58:15","date_gmt":"2023-05-26T03:58:15","guid":{"rendered":"https:\/\/www.aceitesmalagon.com\/?page_id=1376"},"modified":"2023-09-11T15:45:31","modified_gmt":"2023-09-11T13:45:31","slug":"politica-de-calidad","status":"publish","type":"page","link":"https:\/\/www.aceitesmalagon.com\/en\/politica-de-calidad\/","title":{"rendered":"Pol\u00edtica de calidad"},"content":{"rendered":"\n<p>La Direcci\u00f3n de ACEITES MALAGON SL est\u00e1 comprometida con la calidad de sus productos y servicios y con la satisfacci\u00f3n del cliente, por lo que ha puesto en marcha<br>este sistema de gesti\u00f3n de la calidad, que demuestra el buen hacer que ha primado desde sus inicios.<\/p>\n\n\n\n<p>ACEITES MALAGON SL intenta que todos los productos que comercializa, tanto si son producidos en su propia almazara como si son suministrados por terceros,<br>satisfagan plenamente los requisitos de los clientes, nacionales e internacionales y se ajusten al m\u00e1ximo respeto al medio ambiente.<\/p>\n\n\n\n<p>Esta pol\u00edtica se refiere tanto a materias primas como a auxiliares.<\/p>\n\n\n\n<p>Para poder llevar a cabo estos productos, se seleccionan los proveedores que nos ofrecen una mejor relaci\u00f3n calidad\/precio, seleccion\u00e1ndolos en funci\u00f3n del cumplimiento de nuestros requisitos y de la adaptaci\u00f3n a nuestras necesidades. <\/p>\n\n\n\n<p>Este sistema de gesti\u00f3n de la calidad y la presente pol\u00edtica se revisar\u00e1n de forma continua, para comprobar que son adecuados al prop\u00f3sito de nuestra empresa y<br>analizar posibles \u00e1reas para la mejora continua. Todo el personal de nuestra empresa participa en el sistema de calidad y contribuye a que nuestros productos y servicios sean considerados positivamente por nuestros clientes, por lo que la pol\u00edtica de calidad ser\u00e1 comunicada a todos los niveles de la empresa, asegur\u00e1ndonos de que comprenden la importancia del trabajo bien hecho y de la satisfacci\u00f3n del cliente.<\/p>\n\n\n\n<p>A partir de esta pol\u00edtica se establecen y revisan los objetivos de la calidad<\/p>\n\n\n\n<div data-wp-interactive=\"\" class=\"wp-block-file\"><object data-wp-bind--hidden=\"!selectors.core.file.hasPdfPreview\" hidden class=\"wp-block-file__embed\" data=\"https:\/\/www.aceitesmalagon.com\/wp-content\/uploads\/sites\/3\/2023\/05\/politica-calidad-aceites-malagon.pdf\" type=\"application\/pdf\" style=\"width:100%;height:600px\" aria-label=\"Embed of politica-calidad-aceites-malagon.\"><\/object><a id=\"wp-block-file--media-20cdfbba-86e9-4f5c-9457-4c1dda524ae8\" href=\"https:\/\/www.aceitesmalagon.com\/wp-content\/uploads\/sites\/3\/2023\/05\/politica-calidad-aceites-malagon.pdf\" target=\"_blank\" rel=\"noreferrer noopener\">politica-calidad-aceites-malagon<\/a><\/div>\n","protected":false},"excerpt":{"rendered":"<p>La Direcci\u00f3n de ACEITES MALAGON SL est\u00e1 comprometida con la calidad de sus productos y servicios y con la satisfacci\u00f3n del cliente, por lo que ha puesto en marchaeste sistema de gesti\u00f3n de la calidad, que demuestra el buen hacer que ha primado desde sus inicios. ACEITES MALAGON SL intenta que todos los productos que [&hellip;]<\/p>\n","protected":false},"author":68,"featured_media":0,"parent":0,"menu_order":0,"comment_status":"closed","ping_status":"closed","template":"","meta":{"_trash_the_other_posts":false,"footnotes":""},"blocksy_meta":{"page_structure_type":"type-3"},"featured_image_urls":{"full":"","thumbnail":"","medium":"","medium_large":"","large":"","1536x1536":"","2048x2048":"","woocommerce_archive_thumbnail":"","woocommerce_thumbnail":"","woocommerce_single":"","woocommerce_gallery_thumbnail":""},"post_excerpt_stackable":"<p>La Direcci\u00f3n de ACEITES MALAGON SL est\u00e1 comprometida con la calidad de sus productos y servicios y con la satisfacci\u00f3n del cliente, por lo que ha puesto en marchaeste sistema de gesti\u00f3n de la calidad, que demuestra el buen hacer que ha primado desde sus inicios. ACEITES MALAGON SL intenta que todos los productos que comercializa, tanto si son producidos en su propia almazara como si son suministrados por terceros,satisfagan plenamente los requisitos de los clientes, nacionales e internacionales y se ajusten al m\u00e1ximo respeto al medio ambiente. Esta pol\u00edtica se refiere tanto a materias primas como a auxiliares. Para&hellip;<\/p>\n","category_list":"","author_info":{"name":"Sergio Calder\u00f3n","url":"https:\/\/www.aceitesmalagon.com\/en\/author\/sergio-calderon\/"},"comments_num":"0 comments","_links":{"self":[{"href":"https:\/\/www.aceitesmalagon.com\/en\/wp-json\/wp\/v2\/pages\/1376"}],"collection":[{"href":"https:\/\/www.aceitesmalagon.com\/en\/wp-json\/wp\/v2\/pages"}],"about":[{"href":"https:\/\/www.aceitesmalagon.com\/en\/wp-json\/wp\/v2\/types\/page"}],"author":[{"embeddable":true,"href":"https:\/\/www.aceitesmalagon.com\/en\/wp-json\/wp\/v2\/users\/68"}],"replies":[{"embeddable":true,"href":"https:\/\/www.aceitesmalagon.com\/en\/wp-json\/wp\/v2\/comments?post=1376"}],"version-history":[{"count":1,"href":"https:\/\/www.aceitesmalagon.com\/en\/wp-json\/wp\/v2\/pages\/1376\/revisions"}],"predecessor-version":[{"id":1612,"href":"https:\/\/www.aceitesmalagon.com\/en\/wp-json\/wp\/v2\/pages\/1376\/revisions\/1612"}],"wp:attachment":[{"href":"https:\/\/www.aceitesmalagon.com\/en\/wp-json\/wp\/v2\/media?parent=1376"}],"curies":[{"name":"wp","href":"https:\/\/api.w.org\/{rel}","templated":true}]}}