{"id":423,"date":"2017-01-24T12:33:06","date_gmt":"2017-01-24T12:33:06","guid":{"rendered":"https:\/\/www.aceitesmalagon.com\/?page_id=423"},"modified":"2023-05-26T05:10:00","modified_gmt":"2023-05-26T03:10:00","slug":"politica-de-privacidad","status":"publish","type":"page","link":"https:\/\/www.aceitesmalagon.com\/en\/politica-de-privacidad\/","title":{"rendered":"Politica de Privacidad"},"content":{"rendered":"\n<p>Aceites Malag\u00f3n quiere garantizar la confidencialidad y seguridad de los datos proporcionados por los usuarios de sus servicios on-line.<\/p>\n\n\n\n<p>A tal fin se recomienda al usuario que lea atentamente y, en su caso, adopte las medidas necesarias con la finalidad de que sus datos no sean utilizados por personas no autorizadas o con fines no deseados.<\/p>\n\n\n\n<p>El siguiente documento, que puede ser sustituido o actualizado, desarrolla los siguientes aspectos.<\/p>\n\n\n\n<p><strong>1. Informaci\u00f3n personal que se recaba del interesado<\/strong><\/p>\n\n\n\n<p>Aceites Malag\u00f3n recoge y trata datos personales de los usuarios (tales como nombre, tratamiento, nombre de la empresa, direcci\u00f3n, n\u00famero de tel\u00e9fono, direcci\u00f3n de correo electr\u00f3nico, y otros de naturaleza an\u00e1loga) y de los servicios on-line que requiere (tipo de buscador que utiliza, archivos que solicita, dominio y pa\u00eds desde donde solicita la informaci\u00f3n, documentos de pago, etc.) con la finalidad de prestarle dichos servicios en las mejores condiciones, de acuerdo con sus gustos y preferencias y para mantenerle informado sobre los productos y ofertas de Aceites Malag\u00f3n.<\/p>\n\n\n\n<p>Los datos personales de los usuarios se pueden obtener en varios momentos y a trav\u00e9s de diversas formas, tales como el proceso de registro para el acceso a los servicios, formularios on-line, encuestas que se realicen o participaci\u00f3n en concursos, entre otros. Los datos solicitados ser\u00e1n necesarios para realizar el servicio ofrecido en cada caso. Sus datos personales quedar\u00e1n recogidos, bajo la responsabilidad de Aceites Malag\u00f3n, en ficheros debidamente registrados. Para el ejercicio de Derechos de Acceso, Rectificaci\u00f3n, Cancelaci\u00f3n y Oposici\u00f3n (ARCO), en cumplimiento de la Ley Org\u00e1nica 15\/1999 de Protecci\u00f3n de Datos de Car\u00e1cter Personal, por favor, pongase en contacto con nosotros.<\/p>\n\n\n\n<p><strong>2. Uso de los datos personales que recaba Aceites Malag\u00f3n<\/strong><\/p>\n\n\n\n<p>Aceites Malag\u00f3n utilizar\u00e1 los datos recabados de los usuarios con la finalidad de procesar su pedido de compra y con fines publicitarios y comerciales, vali\u00e9ndose en ocasiones de la colaboraci\u00f3n de terceros que proceden al tratamiento y manipulaci\u00f3n de los datos, as\u00ed como de transferencias internacionales, con la misma finalidad, a las bases de datos de Aceites Malag\u00f3n. Igualmente le informamos que Aceites Malag\u00f3n desea remitirle informaci\u00f3n comercial y publicitaria relacionada con cualquiera de sus l\u00edneas de negocio tanto por v\u00eda electr\u00f3nica como convencional. Si usted no estuviera conforme con los tratamientos mencionados le rogamos que nos lo comunique en la direcci\u00f3n facilitada anteriormente. En caso de no haber recibido contestaci\u00f3n por su parte en el plazo de treinta d\u00edas desde la fecha en que facilita sus datos personales consideraremos que usted consiente los tratamientos descritos.<\/p>\n\n\n\n<p>Usted podr\u00e1 revocar su consentimiento en cualquier momento y de forma totalmente gratuita. Para ello deber\u00e1 dirigirse a Aceites Malag\u00f3n por escrito, adjuntando una fotocopia de su D.N.I. u otro documento an\u00e1logo que permita su identificaci\u00f3n, en la direcci\u00f3n antes indicada.<\/p>\n\n\n\n<p><strong>3. Uso de&nbsp;<em>cookies<\/em>&nbsp;y otras tecnolog\u00edas<\/strong><\/p>\n\n\n\n<p><strong>Cookies<\/strong><br>Aceites Malag\u00f3n utiliza&nbsp;<em>cookies<\/em>&nbsp;durante la navegaci\u00f3n por sus p\u00e1ginas web con el fin de personalizar el servicio ofrecido.<\/p>\n\n\n\n<p>Una cookie es un peque\u00f1o fichero de datos que se instala en su equipo, sin otra finalidad que la de recordar al proveedor un acceso anterior y poder as\u00ed ofrecer directamente aquella informaci\u00f3n que resulte de su inter\u00e9s y est\u00e9 actualizada.<\/p>\n\n\n\n<p>En ning\u00fan caso las&nbsp;<em>cookies<\/em>&nbsp;utilizadas por Aceites Malag\u00f3n permiten descubrir su identidad ni realizar otras operaciones que no sean el mero control del n\u00famero de accesos a nuestros servicios y contenidos de forma general, para la elaboraci\u00f3n de nuevos servicios y productos que respondan a las necesidades de nuestro p\u00fablico.<\/p>\n\n\n\n<p>El usuario tiene la posibilidad de configurar su navegador, conforme a las instrucciones contenidas en el mismo y en sus manuales de configuraci\u00f3n, de forma que \u00e9ste le avise de la recepci\u00f3n y aceptaci\u00f3n de&nbsp;<em>cookies<\/em>. Debe recordarse que en ocasiones, la no aceptaci\u00f3n de la cookie puede suponer que no acceda a toda la disponibilidad el servicio o tenga que registrarse cada vez que acceda a un servicio que requiera su previo registro.<\/p>\n\n\n\n<p>Respecto de los servicios prestados por terceros proveedores o personas ajenas a Aceites Malag\u00f3n consulte sobre el uso de&nbsp;<em>cookies<\/em>&nbsp;por los mismos y de la utilizaci\u00f3n que pretenden hacer de las mismas.<\/p>\n\n\n\n<p><strong>Otras tecnolog\u00edas<\/strong><br>Aceites Malag\u00f3n podr\u00e1 recoger y utilizar los datos relativos al tipo de buscador que utiliza, los archivos que solicita, y el dominio y pa\u00eds desde el que solicita la informaci\u00f3n, con la finalidad de mejorar nuestro servicio on-line y satisfacer mejor sus necesidades.<\/p>\n\n\n\n<p><strong>4. Qu\u00e9 medidas se adoptan para garantizar la seguridad de los datos<\/strong><\/p>\n\n\n\n<p>Aceites Malag\u00f3n garantiza la adopci\u00f3n de las medidas t\u00e9cnicas y organizativas adecuadas con el fin de evitar que sus datos personales no sean accedidos, alterados, modificados o tratados por terceros no autorizados.<\/p>\n\n\n\n<p>Respecto de la informaci\u00f3n sensible que proporcione para acceder a los servicios y la realizaci\u00f3n de transferencias mediante tarjetas de cr\u00e9dito, \u00e9sta deber\u00e1 ser cifrada y en su caso s\u00f3lo proporcionada por el usuario cuando tenga garant\u00edas de que se trata de un servidor web seguro.<\/p>\n\n\n\n<p>El usuario debe tener en consideraci\u00f3n que Internet no es un lugar completamente seguro, y por tanto, ha de adoptar las medidas necesarias para evitar que su informaci\u00f3n sea conocida por terceros no autorizados que pudieran hacer un uso inadecuado de sus datos de car\u00e1cter personal.<\/p>\n\n\n\n<p>Corresponde al usuario guardar en un lugar seguro cualesquiera contrase\u00f1as y nombres de usuario que permitan el acceso a los servicios y contenidos a los que se haya suscrito.<\/p>\n\n\n\n<p><strong>5. Protecci\u00f3n de los menores de edad<\/strong><\/p>\n\n\n\n<p>Aceites Malag\u00f3n no suele recoger datos personales de menores. No obstante, si en alg\u00fan momento determinado se solicitaran datos personales de los menores, Aceites Malag\u00f3n tomar\u00e1 las medidas necesarias con el fin de que el menor tenga que pedir autorizaci\u00f3n previa a sus padres o tutores, con la finalidad de evitar una acci\u00f3n indeseada.<\/p>\n\n\n\n<p>Debe recordarse que no todos los servicios y contenidos disponibles a trav\u00e9s de Internet cuentan con las mismas medidas, y que por tanto resulta necesario que los padres y tutores tomen las medidas adecuadas para evitar que los menores puedan acceder a servicios o contenidos o inapropiados para su correcto desarrollo.<\/p>\n\n\n\n<p><strong>6. Otras consideraciones<\/strong><\/p>\n\n\n\n<p>El usuario debe ser consciente de que la utilizaci\u00f3n de las Nuevas Tecnolog\u00edas, y en concreto Internet y los servicios asociados a la misma no deben suponer un menoscabo de los derechos y garant\u00edas que ya tiene.<\/p>\n\n\n\n<p>Aceites Malag\u00f3n se reserva el derecho a modificar esta pol\u00edtica de privacidad en cualquier momento. Dichas modificaciones aparecer\u00e1n inmediatamente en este p\u00e1gina web.<\/p>\n","protected":false},"excerpt":{"rendered":"<p>Aceites Malag\u00f3n quiere garantizar la confidencialidad y seguridad de los datos proporcionados por los usuarios de sus servicios on-line. A tal fin se recomienda al usuario que lea atentamente y, en su caso, adopte las medidas necesarias con la finalidad de que sus datos no sean utilizados por personas no autorizadas o con fines no [&hellip;]<\/p>\n","protected":false},"author":3,"featured_media":0,"parent":0,"menu_order":0,"comment_status":"closed","ping_status":"closed","template":"","meta":{"_trash_the_other_posts":false,"footnotes":""},"blocksy_meta":[],"featured_image_urls":{"full":"","thumbnail":"","medium":"","medium_large":"","large":"","1536x1536":"","2048x2048":"","woocommerce_archive_thumbnail":"","woocommerce_thumbnail":"","woocommerce_single":"","woocommerce_gallery_thumbnail":""},"post_excerpt_stackable":"<p>Aceites Malag\u00f3n quiere garantizar la confidencialidad y seguridad de los datos proporcionados por los usuarios de sus servicios on-line. A tal fin se recomienda al usuario que lea atentamente y, en su caso, adopte las medidas necesarias con la finalidad de que sus datos no sean utilizados por personas no autorizadas o con fines no deseados. El siguiente documento, que puede ser sustituido o actualizado, desarrolla los siguientes aspectos. 1. Informaci\u00f3n personal que se recaba del interesado Aceites Malag\u00f3n recoge y trata datos personales de los usuarios (tales como nombre, tratamiento, nombre de la empresa, direcci\u00f3n, n\u00famero de tel\u00e9fono, direcci\u00f3n&hellip;<\/p>\n","category_list":"","author_info":{"name":"aceitesmalagon","url":"https:\/\/www.aceitesmalagon.com\/en\/author\/aceitesmalagon\/"},"comments_num":"0 comments","_links":{"self":[{"href":"https:\/\/www.aceitesmalagon.com\/en\/wp-json\/wp\/v2\/pages\/423"}],"collection":[{"href":"https:\/\/www.aceitesmalagon.com\/en\/wp-json\/wp\/v2\/pages"}],"about":[{"href":"https:\/\/www.aceitesmalagon.com\/en\/wp-json\/wp\/v2\/types\/page"}],"author":[{"embeddable":true,"href":"https:\/\/www.aceitesmalagon.com\/en\/wp-json\/wp\/v2\/users\/3"}],"replies":[{"embeddable":true,"href":"https:\/\/www.aceitesmalagon.com\/en\/wp-json\/wp\/v2\/comments?post=423"}],"version-history":[{"count":0,"href":"https:\/\/www.aceitesmalagon.com\/en\/wp-json\/wp\/v2\/pages\/423\/revisions"}],"wp:attachment":[{"href":"https:\/\/www.aceitesmalagon.com\/en\/wp-json\/wp\/v2\/media?parent=423"}],"curies":[{"name":"wp","href":"https:\/\/api.w.org\/{rel}","templated":true}]}}