{"id":429,"date":"2017-01-24T14:01:58","date_gmt":"2017-01-24T14:01:58","guid":{"rendered":"https:\/\/www.aceitesmalagon.com\/?page_id=429"},"modified":"2023-09-11T15:44:50","modified_gmt":"2023-09-11T13:44:50","slug":"condiciones-de-venta-y-entrega","status":"publish","type":"page","link":"https:\/\/www.aceitesmalagon.com\/en\/condiciones-de-venta-y-entrega\/","title":{"rendered":"Condiciones de Venta y Entrega"},"content":{"rendered":"\n<p>Estas condiciones de venta&nbsp;y entrega se aplican a todas las compras realizadas a trav\u00e9s de la p\u00e1gina web www.aceitesmalagon.com titularidad de Aceites Malag\u00f3n S.L., con sede social en Glorieta 23 de junio, 4, 13420 Malag\u00f3n \u2013 Ciudad Real Cif B13010970, tel\u00e9fono&nbsp;926 800 024 y direcci\u00f3n de correo electr\u00f3nico&nbsp;<a href=\"mailto:info@aceitesmalagon.com\">info@aceitesmalagon.com<\/a><\/p>\n\n\n\n<p>Para cualquier consulta&nbsp; dirigirse a la direcci\u00f3n de correo <a href=\"mailto:info@aceitesmalagon.com\">info@aceitesmalagon.com<\/a> o en al tel\u00e9fono&nbsp;926 800 024.<\/p>\n\n\n\n<p>Estas condiciones de contrataci\u00f3n tienen como objeto describir e informar al usuario de las condiciones que se aplican a las compras hechas a trav\u00e9s del portal www.aceitesmalagon.com de los productos que en cada momento se ofrezcan. Estas condiciones de contrataci\u00f3n se complementan con la informaci\u00f3n que se hace constar en el aviso legal y en la pol\u00edtica de privacidad, y con la que conste para cada producto en particular.<\/p>\n\n\n\n<p>La validaci\u00f3n de la compra supone la aceptaci\u00f3n de estas condiciones generales y constituye una prueba del conocimiento y conformidad por parte del cliente. Estas condiciones podr\u00e1n ser modificadas en cualquier momento por Aceites Malag\u00f3n S.L: y, si procede, las condiciones particulares que en cada caso se puedan establecer, pero se proceder\u00e1 inmediatamente a publicarlas de forma que puedan ser conocidas sin aviso expl\u00edcito.<\/p>\n\n\n\n<p>Los usuarios se comprometen al cumplimiento de estas condiciones generales y las que consten en su caso en el aviso legal y la pol\u00edtica de privacidad de esta p\u00e1gina web, aplicando la buena fe en la contrataci\u00f3n.<\/p>\n\n\n\n<p>Los precios que se indican son con el IVA incluido. Y los gastos de env\u00edo los abonar\u00e1 el cliente, con lo que no est\u00e1n incluidos en la compra, y estos variaran en funci\u00f3n del destino y del peso del pedido. Aceites Malag\u00f3n S.L informar\u00e1 debidamente de los costes del env\u00edo en funci\u00f3n de las variantes del mismo en el momento de hacer la compra. Si el env\u00edo se tuviera que realizar a un territorio distinto a los disponibles en la p\u00e1gina de compra, Aceites Malag\u00f3n S.L contactar\u00e1 con el usuario, ya sea v\u00eda correo electr\u00f3nico o tel\u00e9fono, para comunicarle, si se diera el caso, los gastos extras de env\u00edo que pudieran surgir.<\/p>\n\n\n\n<p><strong>Confirmaci\u00f3n de la compra<\/strong><\/p>\n\n\n\n<p>Una vez realizada la compra y en el plazo m\u00e1s breve posible, Aceites Malag\u00f3n S.L enviar\u00e1 al usuario un email con el comprobante de la compra<\/p>\n\n\n\n<p><strong>Env\u00edo<\/strong><\/p>\n\n\n\n<p>El env\u00edo de la compra se har\u00e1 efectivo en un plazo de 5 d\u00edas h\u00e1biles a contar desde el momento en que el usuario recibe el correo de confirmaci\u00f3n de la compra en, 9 d\u00edas para el resto de Europa, siempre y cuando el pago del pedido se haya realizado de manera efectiva. Clientes Insulares y de ciudades comunidad aut\u00f3noma deben consultar las condiciones de gastos de env\u00edo.<\/p>\n\n\n\n<p>El usuario se compromete a proporcionar informaci\u00f3n veraz a Aceites Malag\u00f3n S.L y a mantenerla actualizada y tambi\u00e9n a posibilitar la entrega del pedido. A estos efectos proporcionar\u00e1 datos de una direcci\u00f3n cierta y con disponibilidad de recepci\u00f3n de la remisi\u00f3n en horario comercial o bien en horario previamente pactado con Aceites Malag\u00f3n S.L.<\/p>\n\n\n\n<p>En el caso que el pedido no se pudiera entregar por falta de disponibilidad por parte del usuario, Aceites Malag\u00f3n S.L no se responsabilizar\u00e1 de posibles retrasos en la entrega del pedido.<\/p>\n\n\n\n<p>En el caso de que el usuario no reciba el pedido en el plazo establecido, deber\u00e1 dirigirse a Aceites Malag\u00f3n S.L a&nbsp;trav\u00e9s del correo&nbsp;info@aceitesmalagon.com<\/p>\n\n\n\n<p>La adquisici\u00f3n de los productos ofrecidos en www.aceitesmalagon.com est\u00e1 sujeta a la disponibilidad de existencias.<\/p>\n\n\n\n<p><strong>Menores<\/strong><\/p>\n\n\n\n<p>Las personas menores de 18 a\u00f1os no podr\u00e1n hacer uso de los servicios ofrecidos por Aceites Malag\u00f3n S.L Teniendo en cuenta que Aceites Malag\u00f3n S.L no podr\u00e1 verificar la veracidad de los datos que el usuario proporcione, se reserva el derecho de atender los pedidos previa comprobaci\u00f3n de los datos, cuando as\u00ed lo decida discrecionalmente, sin que eso suponga ninguna alteraci\u00f3n de veracidad de esos datos que no compruebe.<\/p>\n\n\n\n<p><strong>Pago<\/strong><\/p>\n\n\n\n<p>El pago de las compras a www.aceitesmalagon.com se realizar\u00e1 &nbsp;principalmente mediante transferencia bancaria, debiendo indicar el usuario, su nombre completo y n\u00famero de referencia del pedido. Aceites Malag\u00f3n S.L enviar\u00e1 el pedido a partir del momento en el que le conste dicha transferencia en sus cuentas bancarias.<\/p>\n\n\n\n<p><strong>Devoluciones<\/strong><\/p>\n\n\n\n<p>El usuario podr\u00e1 devolver su pedido en un plazo de 3 d\u00edas h\u00e1biles desde la recepci\u00f3n de la compra. En este caso contactar\u00e1 con&nbsp;Aceites Malag\u00f3n S.L por correo electr\u00f3nico a trav\u00e9s de la direcci\u00f3n&nbsp;<a href=\"mailto:info@aceitesmalagon.com\">info@aceitesmalagon.com<\/a> informando de la devoluci\u00f3n y las causas de esta.<\/p>\n\n\n\n<p>Se puede ejercer el derecho de desistimiento si se produce una de estas situaciones:<\/p>\n\n\n\n<ul>\n<li>Si el producto adquirido no satisface al usuario. Realiz\u00e1ndose la devoluci\u00f3n en el plazo mencionado anteriormente se deber\u00e1 devolver la compra con todos sus productos, con su embalaje original, con su precinto original sin romper, con todos sus accesorios y en perfecto estado. No se aceptar\u00e1n devoluciones de productos que no vengan con su embalaje original. En este caso Aceites Malag\u00f3n S.L cobrar\u00e1 20\u20ac en concepto de gastos de devoluci\u00f3n del pedido.<\/li>\n\n\n\n<li>Cuando los productos sean defectuosos. De ser as\u00ed, har\u00e1n falta pruebas fehacientes del mal estado del producto. Aceites Malag\u00f3n S.L recoger\u00e1 el producto defectuoso y enviar\u00e1 nuevamente el producto al usuario sin costes a\u00f1adidos. Aceites Malag\u00f3n S.L quien abonar\u00e1 el importe del pedido una vez haya comprobado que la mercanc\u00eda cumple las condiciones anteriores. En el caso de devoluciones comerciales el cliente deber\u00e1 correr con los gastos de transporte. Para solicitar esta devoluci\u00f3n deber\u00e1 comunicarlo en el correo electr\u00f3nico a&nbsp;&nbsp;<a href=\"mailto:info@aceitesmalagon.com\">info@aceitesmalagon.com<\/a><\/li>\n\n\n\n<li>En el caso de que el defecto provenga de una incidencia en transporte, lo deber\u00e1 comunicar en el plazo de 24 horas desde la recepci\u00f3n en a la direcci\u00f3n de correo electr\u00f3nico&nbsp;<a href=\"mailto:info@aceitesmalagon.com\">info@aceitesmalagon.com<\/a><\/li>\n<\/ul>\n\n\n\n<p><strong>Reembolso de los importes pagados<\/strong><\/p>\n\n\n\n<p>En caso de que se tenga que hacer un reembolso de los importes pagados, Aceites Malag\u00f3n S.L lo har\u00e1 v\u00eda transferencia bancaria al n\u00famero de cuenta que indique el usuario. El reembolso se har\u00e1 una vez verificado y validado el estado del producto devuelto y una vez comprobado que el pago ha sido efectivo sin posibilidades de retrocesi\u00f3n.<\/p>\n\n\n\n<p><strong>Uso de los datos<\/strong><\/p>\n\n\n\n<p>Los datos facilitados por los usuarios se incluir\u00e1n en un fichero de datos de car\u00e1cter personal y se utilizar\u00e1n \u00fanicamente para poder tramitar el pedido. En cualquier momento el usuario podr\u00e1 ejercer los derechos de acceso, oposici\u00f3n, rectificaci\u00f3n y cancelaci\u00f3n previstos en la ley org\u00e1nica 15\/1999 de diciembre, enviando un correo electr\u00f3nico a&nbsp;<a href=\"mailto:info@aceitesmalagon.com\">info@aceitesmalagon.com<\/a><\/p>\n\n\n\n<p><strong>&nbsp;<\/strong><\/p>\n\n\n\n<p><strong>Resoluci\u00f3n de conflictos<\/strong><\/p>\n\n\n\n<p>En caso de que surja alg\u00fan conflicto en la prestaci\u00f3n de este servicio, se someter\u00e1 a la legislaci\u00f3n de aplicaci\u00f3n en Espa\u00f1a. En caso de conflicto en la interpretaci\u00f3n o aplicaci\u00f3n de estas condiciones la v\u00eda jurisdiccional ser\u00e1n los juzgados y tribunales los que establezcan la normativa aplicable en materia de consumidores finales. En los casos de venta fuera de Espa\u00f1a o no hecha por el consumidor final, las partes se someten expresamente a la jurisdicci\u00f3n de los juzgados y tribunales de la ciudad de Toledo.<\/p>\n","protected":false},"excerpt":{"rendered":"<p>Estas condiciones de venta&nbsp;y entrega se aplican a todas las compras realizadas a trav\u00e9s de la p\u00e1gina web www.aceitesmalagon.com titularidad de Aceites Malag\u00f3n S.L., con sede social en Glorieta 23 de junio, 4, 13420 Malag\u00f3n \u2013 Ciudad Real Cif B13010970, tel\u00e9fono&nbsp;926 800 024 y direcci\u00f3n de correo electr\u00f3nico&nbsp;info@aceitesmalagon.com Para cualquier consulta&nbsp; dirigirse a la direcci\u00f3n [&hellip;]<\/p>\n","protected":false},"author":3,"featured_media":0,"parent":0,"menu_order":0,"comment_status":"closed","ping_status":"closed","template":"","meta":{"_trash_the_other_posts":false,"footnotes":""},"blocksy_meta":[],"featured_image_urls":{"full":"","thumbnail":"","medium":"","medium_large":"","large":"","1536x1536":"","2048x2048":"","woocommerce_archive_thumbnail":"","woocommerce_thumbnail":"","woocommerce_single":"","woocommerce_gallery_thumbnail":""},"post_excerpt_stackable":"<p>Estas condiciones de venta&nbsp;y entrega se aplican a todas las compras realizadas a trav\u00e9s de la p\u00e1gina web www.aceitesmalagon.com titularidad de Aceites Malag\u00f3n S.L., con sede social en Glorieta 23 de junio, 4, 13420 Malag\u00f3n \u2013 Ciudad Real Cif B13010970, tel\u00e9fono&nbsp;926 800 024 y direcci\u00f3n de correo electr\u00f3nico&nbsp;info@aceitesmalagon.com Para cualquier consulta&nbsp; dirigirse a la direcci\u00f3n de correo info@aceitesmalagon.com o en al tel\u00e9fono&nbsp;926 800 024. Estas condiciones de contrataci\u00f3n tienen como objeto describir e informar al usuario de las condiciones que se aplican a las compras hechas a trav\u00e9s del portal www.aceitesmalagon.com de los productos que en cada momento se ofrezcan.&hellip;<\/p>\n","category_list":"","author_info":{"name":"aceitesmalagon","url":"https:\/\/www.aceitesmalagon.com\/en\/author\/aceitesmalagon\/"},"comments_num":"0 comments","_links":{"self":[{"href":"https:\/\/www.aceitesmalagon.com\/en\/wp-json\/wp\/v2\/pages\/429"}],"collection":[{"href":"https:\/\/www.aceitesmalagon.com\/en\/wp-json\/wp\/v2\/pages"}],"about":[{"href":"https:\/\/www.aceitesmalagon.com\/en\/wp-json\/wp\/v2\/types\/page"}],"author":[{"embeddable":true,"href":"https:\/\/www.aceitesmalagon.com\/en\/wp-json\/wp\/v2\/users\/3"}],"replies":[{"embeddable":true,"href":"https:\/\/www.aceitesmalagon.com\/en\/wp-json\/wp\/v2\/comments?post=429"}],"version-history":[{"count":1,"href":"https:\/\/www.aceitesmalagon.com\/en\/wp-json\/wp\/v2\/pages\/429\/revisions"}],"predecessor-version":[{"id":1603,"href":"https:\/\/www.aceitesmalagon.com\/en\/wp-json\/wp\/v2\/pages\/429\/revisions\/1603"}],"wp:attachment":[{"href":"https:\/\/www.aceitesmalagon.com\/en\/wp-json\/wp\/v2\/media?parent=429"}],"curies":[{"name":"wp","href":"https:\/\/api.w.org\/{rel}","templated":true}]}}