{"id":1055,"date":"2020-01-14T16:26:26","date_gmt":"2020-01-14T15:26:26","guid":{"rendered":"https:\/\/www.aceitesmalagon.com\/?post_type=product&#038;p=1055"},"modified":"2024-01-25T08:29:10","modified_gmt":"2024-01-25T07:29:10","slug":"pletora-ecologico-500-ml-edicion-especial","status":"publish","type":"product","link":"https:\/\/www.aceitesmalagon.com\/en\/aceite-oliva-virgen-extra-ecologico\/pletora-ecologico-500-ml-edicion-especial\/","title":{"rendered":"Pl\u00e9tora Ecol\u00f3gico 500 ml &#8220;Edici\u00f3n Especial&#8221;"},"content":{"rendered":"<p>CONSERVACI\u00d3N :<\/p>\n<p>En lugar fresco, lejos de cualquier fuente de luz o calor.<\/p>\n<p>FECHA DE CONSUMO PREFERENTE :<\/p>\n<p>Dos a\u00f1os\u00a0desde la fecha de envasado.<\/p>\n<p>INFORMACI\u00d3N NUTRICIONAL\u00a0:<\/p>\n<p>Cantidad por Cucharada Raci\u00f3n\u00a015 ml<\/p>\n<p>*Calorias: 126<\/p>\n<p>*Grasa Total: 14 g \u00a022%<\/p>\n<p>de las cuales<\/p>\n<p>*Grasas Saturadas: 2,3 g<\/p>\n<p>*Grasas Polinsaturadas: 1,5 g<\/p>\n<p>*Grasas Monoinsaturadas: 10,2 g<\/p>\n<p>*Grasas Trans: 0,0 g<\/p>\n<p>*Colesterol: 0 mg<\/p>\n<p>*Sodio: 0 mg<\/p>\n<p>*Total Carbohidratos: 0 g<\/p>\n<p>*Proteinas: 0 g<\/p>\n<p>PRESENTACI\u00d3N<\/p>\n<p>*Envase cristal 500 ml<\/p>\n<p>CARACTER\u00cdSTICAS :<\/p>\n<p>Nota de Cata:\u00a0En nariz destaca su intenso frutado a pl\u00e1tano con notas verdes. En boca es dulce, con ligeras notas picantes y amargas.<\/p>\n<p>Detalles de compra&#8230;<br \/>\nNo olvide visitar nuestra p\u00e1gina detalles de compra y entrega antes de realizar su pedido.<\/p>\n","protected":false},"excerpt":{"rendered":"<p>Procede de aceitunas, muy frescas y recolectadas en el momento \u00f3ptimo de maduraci\u00f3n. Se elabora a muy baja temperatura, para que conserve todas las caracter\u00edsticas y la personalidad de los frutos de partida. Pl\u00e9tora virgen extra \u00a0es un aceite de oliva virgen extra delicado, que est\u00e1 a la altura de los paladares m\u00e1s exigentes.<\/p>\n","protected":false},"featured_media":1504,"comment_status":"open","ping_status":"closed","template":"","meta":{"_trash_the_other_posts":false},"product_cat":[61],"product_tag":[60],"featured_image_urls":{"full":["https:\/\/www.aceitesmalagon.com\/en\/wp-content\/uploads\/sites\/3\/2023\/07\/categoria-aceite-oliva-virgen-extra-ecologico.jpg",1024,1024,false],"thumbnail":["https:\/\/www.aceitesmalagon.com\/en\/wp-content\/uploads\/sites\/3\/2023\/07\/categoria-aceite-oliva-virgen-extra-ecologico-150x150.jpg",150,150,true],"medium":["https:\/\/www.aceitesmalagon.com\/en\/wp-content\/uploads\/sites\/3\/2023\/07\/categoria-aceite-oliva-virgen-extra-ecologico-300x300.jpg",300,300,true],"medium_large":["https:\/\/www.aceitesmalagon.com\/en\/wp-content\/uploads\/sites\/3\/2023\/07\/categoria-aceite-oliva-virgen-extra-ecologico-768x768.jpg",768,768,true],"large":["https:\/\/www.aceitesmalagon.com\/en\/wp-content\/uploads\/sites\/3\/2023\/07\/categoria-aceite-oliva-virgen-extra-ecologico.jpg",1024,1024,false],"1536x1536":["https:\/\/www.aceitesmalagon.com\/en\/wp-content\/uploads\/sites\/3\/2023\/07\/categoria-aceite-oliva-virgen-extra-ecologico.jpg",1024,1024,false],"2048x2048":["https:\/\/www.aceitesmalagon.com\/en\/wp-content\/uploads\/sites\/3\/2023\/07\/categoria-aceite-oliva-virgen-extra-ecologico.jpg",1024,1024,false],"woocommerce_archive_thumbnail":["https:\/\/www.aceitesmalagon.com\/en\/wp-content\/uploads\/sites\/3\/2023\/07\/categoria-aceite-oliva-virgen-extra-ecologico.jpg",600,600,false],"woocommerce_thumbnail":["https:\/\/www.aceitesmalagon.com\/en\/wp-content\/uploads\/sites\/3\/2023\/07\/categoria-aceite-oliva-virgen-extra-ecologico-768x768.jpg",600,600,true],"woocommerce_single":["https:\/\/www.aceitesmalagon.com\/en\/wp-content\/uploads\/sites\/3\/2023\/07\/categoria-aceite-oliva-virgen-extra-ecologico-500x500.jpg",500,500,true],"woocommerce_gallery_thumbnail":["https:\/\/www.aceitesmalagon.com\/en\/wp-content\/uploads\/sites\/3\/2023\/07\/categoria-aceite-oliva-virgen-extra-ecologico-100x100.jpg",100,100,true]},"post_excerpt_stackable":"<p>Procede de aceitunas, muy frescas y recolectadas en el momento \u00f3ptimo de maduraci\u00f3n. Se elabora a muy baja temperatura, para que conserve todas las caracter\u00edsticas y la personalidad de los frutos de partida. Pl\u00e9tora virgen extra \u00a0es un aceite de oliva virgen extra delicado, que est\u00e1 a la altura de los paladares m\u00e1s exigentes.<\/p>\n","category_list":"","author_info":{"name":"","url":""},"comments_num":"0 comments","_links":{"self":[{"href":"https:\/\/www.aceitesmalagon.com\/en\/wp-json\/wp\/v2\/product\/1055"}],"collection":[{"href":"https:\/\/www.aceitesmalagon.com\/en\/wp-json\/wp\/v2\/product"}],"about":[{"href":"https:\/\/www.aceitesmalagon.com\/en\/wp-json\/wp\/v2\/types\/product"}],"replies":[{"embeddable":true,"href":"https:\/\/www.aceitesmalagon.com\/en\/wp-json\/wp\/v2\/comments?post=1055"}],"wp:featuredmedia":[{"embeddable":true,"href":"https:\/\/www.aceitesmalagon.com\/en\/wp-json\/wp\/v2\/media\/1504"}],"wp:attachment":[{"href":"https:\/\/www.aceitesmalagon.com\/en\/wp-json\/wp\/v2\/media?parent=1055"}],"wp:term":[{"taxonomy":"product_cat","embeddable":true,"href":"https:\/\/www.aceitesmalagon.com\/en\/wp-json\/wp\/v2\/product_cat?post=1055"},{"taxonomy":"product_tag","embeddable":true,"href":"https:\/\/www.aceitesmalagon.com\/en\/wp-json\/wp\/v2\/product_tag?post=1055"}],"curies":[{"name":"wp","href":"https:\/\/api.w.org\/{rel}","templated":true}]}}