{"id":1539,"date":"2023-08-30T14:36:48","date_gmt":"2023-08-30T12:36:48","guid":{"rendered":"https:\/\/www.aceitesmalagon.com\/?post_type=product&#038;p=1539"},"modified":"2024-01-25T09:21:09","modified_gmt":"2024-01-25T08:21:09","slug":"alacena-del-duque-5l-arbequina","status":"publish","type":"product","link":"https:\/\/www.aceitesmalagon.com\/en\/aceite-de-oliva-virgen-extra\/alacena-del-duque-5l-arbequina\/","title":{"rendered":"Alacena del Duque 5L &#8220;Arbequina&#8221;"},"content":{"rendered":"<h4 style=\"text-align: justify;\">CONSERVACI\u00d3N :<\/h4>\n<p>Conservar al abrigo del calor y de la luz.<\/p>\n<h4><strong>FECHA DE CONSUMO PREFERENTE :<\/strong><\/h4>\n<p>Dos a\u00f1os\u00a0desde la fecha de envasado.<\/p>\n<h4><strong>INFORMACI\u00d3N NUTRICIONAL\u00a0Por 100mL.:<\/strong><\/h4>\n<ul>\n<li><strong>Valor Energ\u00e9tico:<\/strong>\u00a0\u00a03382 kJ &#8211; 823 kcal<\/li>\n<li><strong>Grasas:<\/strong>\u00a091,4 g<\/li>\n<\/ul>\n<p>de las cuales:<\/p>\n<ul>\n<li>\u00e1cidos grasos saturados: 12,8 g<\/li>\n<li>\u00e1cidos grasos monoinsaturados: 74,0 g<\/li>\n<li>\u00e1cidos grasos poliinsaturados: 4,6 g<\/li>\n<\/ul>\n<ul>\n<li><strong>Hidratos de Carbono:<\/strong>\u00a00 g<\/li>\n<\/ul>\n<p>de los cuales:<\/p>\n<ul>\n<li>az\u00facares: 0g<\/li>\n<\/ul>\n<ul>\n<li><strong>Proteinas:<\/strong>\u00a00 g<\/li>\n<li><strong>Sal: 0g<\/strong><\/li>\n<\/ul>\n<h4><strong>PRESENTACI\u00d3N :<\/strong><\/h4>\n<ul>\n<li>Envase PET 5 Litros<\/li>\n<\/ul>\n<p><strong>CARACTER\u00cdSTICAS :<\/strong><\/p>\n<h3>Fase olfativa<\/h3>\n<p>En nariz destaca por su fragancia y complejidad, evocando sensaciones de pl\u00e1tano, alcachofa y hierba reci\u00e9n cortada entre otras.<\/p>\n<h3>Fase gustativa<\/h3>\n<p>En boca es un aceite dulce, que no tiene ning\u00fan regusto amargo. Puede picar en garganta indicando que es un aceite fresco.<\/p>\n<h3>Usos recomendados<\/h3>\n<p>Es ideal sobre la tostada del desayuno, en ensaladas (especialmente las elaboradas a base de tomate), gazpachos y salmorejos. Tambi\u00e9n es ideal para combinar con platos de pasta, verduras a la plancha, salteados y esp\u00e1rragos blancos. En las tablas de queso, ensalza los quesos frescos y equilibra con su dulzor los quesos azules. Tambi\u00e9n es recomendable en recetas de pulpo cocido, mariscos, carnes de ave y pescado blanco.<\/p>\n<p><span style=\"color: #b0b44d;\"><em>Detalles de compra&#8230;<\/em><\/span><br \/>\nNo olvide visitar nuestra p\u00e1gina <a href=\"https:\/\/www.aceitesmalagon.com\/condiciones-de-venta-y-entrega\/\">detalles de compra y entrega<\/a> antes de realizar su pedido.<\/p>\n","protected":false},"excerpt":{"rendered":"<p>Procede de aceitunas 100% variedad arbequina recolectadas en su momento \u00f3ptimo de maduraci\u00f3n. Es un aceite delicado, dulce, arom\u00e1tico y de sabor suave. Se elabora a muy baja temperatura, para que conserve todas las caracter\u00edsticas y la personalidad de los frutos de partida.<\/p>\n","protected":false},"featured_media":1567,"comment_status":"open","ping_status":"closed","template":"","meta":{"_trash_the_other_posts":false},"product_cat":[12],"product_tag":[],"featured_image_urls":{"full":["https:\/\/www.aceitesmalagon.com\/en\/wp-content\/uploads\/sites\/3\/2023\/09\/categoria-aceite-oliva-extra-768x768-1.jpeg",768,768,false],"thumbnail":["https:\/\/www.aceitesmalagon.com\/en\/wp-content\/uploads\/sites\/3\/2023\/09\/categoria-aceite-oliva-extra-768x768-1-150x150.jpeg",150,150,true],"medium":["https:\/\/www.aceitesmalagon.com\/en\/wp-content\/uploads\/sites\/3\/2023\/09\/categoria-aceite-oliva-extra-768x768-1-300x300.jpeg",300,300,true],"medium_large":["https:\/\/www.aceitesmalagon.com\/en\/wp-content\/uploads\/sites\/3\/2023\/09\/categoria-aceite-oliva-extra-768x768-1.jpeg",768,768,false],"large":["https:\/\/www.aceitesmalagon.com\/en\/wp-content\/uploads\/sites\/3\/2023\/09\/categoria-aceite-oliva-extra-768x768-1.jpeg",768,768,false],"1536x1536":["https:\/\/www.aceitesmalagon.com\/en\/wp-content\/uploads\/sites\/3\/2023\/09\/categoria-aceite-oliva-extra-768x768-1.jpeg",768,768,false],"2048x2048":["https:\/\/www.aceitesmalagon.com\/en\/wp-content\/uploads\/sites\/3\/2023\/09\/categoria-aceite-oliva-extra-768x768-1.jpeg",768,768,false],"woocommerce_archive_thumbnail":["https:\/\/www.aceitesmalagon.com\/en\/wp-content\/uploads\/sites\/3\/2023\/09\/categoria-aceite-oliva-extra-768x768-1.jpeg",600,600,false],"woocommerce_thumbnail":["https:\/\/www.aceitesmalagon.com\/en\/wp-content\/uploads\/sites\/3\/2023\/09\/categoria-aceite-oliva-extra-768x768-1.jpeg",600,600,false],"woocommerce_single":["https:\/\/www.aceitesmalagon.com\/en\/wp-content\/uploads\/sites\/3\/2023\/09\/categoria-aceite-oliva-extra-768x768-1-500x500.jpeg",500,500,true],"woocommerce_gallery_thumbnail":["https:\/\/www.aceitesmalagon.com\/en\/wp-content\/uploads\/sites\/3\/2023\/09\/categoria-aceite-oliva-extra-768x768-1-100x100.jpeg",100,100,true]},"post_excerpt_stackable":"<p>Procede de aceitunas 100% variedad arbequina recolectadas en su momento \u00f3ptimo de maduraci\u00f3n. Es un aceite delicado, dulce, arom\u00e1tico y de sabor suave. Se elabora a muy baja temperatura, para que conserve todas las caracter\u00edsticas y la personalidad de los frutos de partida.<\/p>\n","category_list":"","author_info":{"name":"","url":""},"comments_num":"0 comments","_links":{"self":[{"href":"https:\/\/www.aceitesmalagon.com\/en\/wp-json\/wp\/v2\/product\/1539"}],"collection":[{"href":"https:\/\/www.aceitesmalagon.com\/en\/wp-json\/wp\/v2\/product"}],"about":[{"href":"https:\/\/www.aceitesmalagon.com\/en\/wp-json\/wp\/v2\/types\/product"}],"replies":[{"embeddable":true,"href":"https:\/\/www.aceitesmalagon.com\/en\/wp-json\/wp\/v2\/comments?post=1539"}],"wp:featuredmedia":[{"embeddable":true,"href":"https:\/\/www.aceitesmalagon.com\/en\/wp-json\/wp\/v2\/media\/1567"}],"wp:attachment":[{"href":"https:\/\/www.aceitesmalagon.com\/en\/wp-json\/wp\/v2\/media?parent=1539"}],"wp:term":[{"taxonomy":"product_cat","embeddable":true,"href":"https:\/\/www.aceitesmalagon.com\/en\/wp-json\/wp\/v2\/product_cat?post=1539"},{"taxonomy":"product_tag","embeddable":true,"href":"https:\/\/www.aceitesmalagon.com\/en\/wp-json\/wp\/v2\/product_tag?post=1539"}],"curies":[{"name":"wp","href":"https:\/\/api.w.org\/{rel}","templated":true}]}}