{"id":478,"date":"2017-01-24T18:27:12","date_gmt":"2017-01-24T17:27:12","guid":{"rendered":"https:\/\/www.aceitesmalagon.com\/producto\/pletora-arbequina-500ml\/"},"modified":"2024-01-25T08:32:50","modified_gmt":"2024-01-25T07:32:50","slug":"pletora-arbequina-500ml","status":"publish","type":"product","link":"https:\/\/www.aceitesmalagon.com\/en\/aceite-de-oliva-virgen-extra\/pletora-arbequina-500ml\/","title":{"rendered":"Pl\u00e9tora Arbequina 500 ml"},"content":{"rendered":"<p><b>Fase olfativa<\/b><\/p>\n<p><span style=\"font-weight: 400\">En nariz destaca por su fragancia y complejidad, evocando <\/span><span style=\"font-weight: 400\">sensaciones de pl\u00e1tano, alcachofa y hierba reci\u00e9n cortada entre otras.\u00a0<\/span><\/p>\n<p><b>Fase gustativa<\/b><\/p>\n<p><span style=\"font-weight: 400\">En boca es un aceite dulce, que no tiene ning\u00fan regusto amargo. Puede picar en garganta indicando que es un aceite fresco.<\/span><\/p>\n<p><b>Usos recomendados<\/b><\/p>\n<p><span style=\"font-weight: 400\">Es ideal sobre la tostada del desayuno, en ensaladas (especialmente las elaboradas a base de tomate), gazpachos y salmorejos. Tambi\u00e9n es ideal para combinar con platos de pasta, verduras a la plancha, salteados y esp\u00e1rragos blancos.<\/span><\/p>\n<p><span style=\"font-weight: 400\">En las tablas de queso, ensalza los quesos frescos y equilibra con su dulzor los quesos azules.<\/span><\/p>\n<p><span style=\"font-weight: 400\">Tambi\u00e9n es recomendable en recetas de pulpo cocido, mariscos, carnes de ave y pescado blanco.\u00a0<\/span><\/p>\n<h4>Conservaci\u00f3n<\/h4>\n<p>En lugar fresco, lejos de cualquier fuente de luz o calor.<\/p>\n<h4>Fecha de consumo preferente<\/h4>\n<p>Dos a\u00f1os\u00a0desde la fecha de envasado.<\/p>\n<h4><strong>Informaci\u00f3n nutricional:<\/strong><\/h4>\n<p>Cantidad por Cucharada Raci\u00f3n\u00a015 ml<\/p>\n<ul>\n<li><strong>Calorias:<\/strong> 126<\/li>\n<li><strong>Grasa Total:<\/strong> 14 g \u00a022%<\/li>\n<\/ul>\n<p>de las cuales<\/p>\n<ul>\n<li>Grasas Saturadas: 2,3 g<\/li>\n<li>Grasas Polinsaturadas: 1,5 g<\/li>\n<li>Grasas Monoinsaturadas: 10,2 g<\/li>\n<li>Grasas Trans: 0,0 g<\/li>\n<\/ul>\n<ul>\n<li><strong>Colesterol: <\/strong>0 mg<\/li>\n<li><strong>Sodio:<\/strong> 0 mg<\/li>\n<li><strong>Total Carbohidratos:<\/strong> 0 g<\/li>\n<li><strong>Proteinas:<\/strong> 0 g<\/li>\n<\/ul>\n<h4><strong>Presentaci\u00f3n:<\/strong><\/h4>\n<ul>\n<li>Envase cristal 250 ml<\/li>\n<li>Envase cristal 500 ml<\/li>\n<\/ul>\n<p><span style=\"color: #b0b44d\"><em>Detalles de compra&#8230;<\/em><\/span><br \/>\nNo olvide visitar nuestra p\u00e1gina <a href=\"https:\/\/www.aceitesmalagon.com\/condiciones-de-venta-y-entrega\/\">detalles de compra y entrega<\/a> antes de realizar su pedido.<\/p>\n","protected":false},"excerpt":{"rendered":"<p>Procede de aceitunas de la variedad Arbequina, muy frescas y recolectadas en el momento \u00f3ptimo de maduraci\u00f3n. Se elabora a muy baja temperatura, para que conserve todas las caracter\u00edsticas y la personalidad de los frutos de partida.<\/p>\n<p>Pl\u00e9tora virgen extra variedad Arbequina es un aceite de oliva virgen extra delicado, que est\u00e1 a la altura de los paladares m\u00e1s exigentes. <span style=\"font-weight: 400;\">Est\u00e1 elaborado con aceitunas 100% variedad Arbequina. Son aceites delicados, dulces, arom\u00e1ticos y de sabor suave.<\/span><\/p>\n","protected":false},"featured_media":1587,"comment_status":"closed","ping_status":"closed","template":"","meta":{"_trash_the_other_posts":false},"product_cat":[12],"product_tag":[60],"featured_image_urls":{"full":["https:\/\/www.aceitesmalagon.com\/en\/wp-content\/uploads\/sites\/3\/2017\/01\/aceite-arbequina-500ml-768x768-1.jpg",768,768,false],"thumbnail":["https:\/\/www.aceitesmalagon.com\/en\/wp-content\/uploads\/sites\/3\/2017\/01\/aceite-arbequina-500ml-768x768-1-150x150.jpg",150,150,true],"medium":["https:\/\/www.aceitesmalagon.com\/en\/wp-content\/uploads\/sites\/3\/2017\/01\/aceite-arbequina-500ml-768x768-1-300x300.jpg",300,300,true],"medium_large":["https:\/\/www.aceitesmalagon.com\/en\/wp-content\/uploads\/sites\/3\/2017\/01\/aceite-arbequina-500ml-768x768-1.jpg",768,768,false],"large":["https:\/\/www.aceitesmalagon.com\/en\/wp-content\/uploads\/sites\/3\/2017\/01\/aceite-arbequina-500ml-768x768-1.jpg",768,768,false],"1536x1536":["https:\/\/www.aceitesmalagon.com\/en\/wp-content\/uploads\/sites\/3\/2017\/01\/aceite-arbequina-500ml-768x768-1.jpg",768,768,false],"2048x2048":["https:\/\/www.aceitesmalagon.com\/en\/wp-content\/uploads\/sites\/3\/2017\/01\/aceite-arbequina-500ml-768x768-1.jpg",768,768,false],"woocommerce_archive_thumbnail":["https:\/\/www.aceitesmalagon.com\/en\/wp-content\/uploads\/sites\/3\/2017\/01\/aceite-arbequina-500ml-768x768-1.jpg",600,600,false],"woocommerce_thumbnail":["https:\/\/www.aceitesmalagon.com\/en\/wp-content\/uploads\/sites\/3\/2017\/01\/aceite-arbequina-500ml-768x768-1.jpg",600,600,false],"woocommerce_single":["https:\/\/www.aceitesmalagon.com\/en\/wp-content\/uploads\/sites\/3\/2017\/01\/aceite-arbequina-500ml-768x768-1-500x500.jpg",500,500,true],"woocommerce_gallery_thumbnail":["https:\/\/www.aceitesmalagon.com\/en\/wp-content\/uploads\/sites\/3\/2017\/01\/aceite-arbequina-500ml-768x768-1-100x100.jpg",100,100,true]},"post_excerpt_stackable":"<p>Procede de aceitunas de la variedad Arbequina, muy frescas y recolectadas en el momento \u00f3ptimo de maduraci\u00f3n. Se elabora a muy baja temperatura, para que conserve todas las caracter\u00edsticas y la personalidad de los frutos de partida.<\/p>\n<p>Pl\u00e9tora virgen extra variedad Arbequina es un aceite de oliva virgen extra delicado, que est\u00e1 a la altura de los paladares m\u00e1s exigentes. <span style=\"font-weight: 400;\">Est\u00e1 elaborado con aceitunas 100% variedad Arbequina. Son aceites delicados, dulces, arom\u00e1ticos y de sabor suave.<\/span><\/p>\n","category_list":"","author_info":{"name":"","url":""},"comments_num":"0 comments","_links":{"self":[{"href":"https:\/\/www.aceitesmalagon.com\/en\/wp-json\/wp\/v2\/product\/478"}],"collection":[{"href":"https:\/\/www.aceitesmalagon.com\/en\/wp-json\/wp\/v2\/product"}],"about":[{"href":"https:\/\/www.aceitesmalagon.com\/en\/wp-json\/wp\/v2\/types\/product"}],"replies":[{"embeddable":true,"href":"https:\/\/www.aceitesmalagon.com\/en\/wp-json\/wp\/v2\/comments?post=478"}],"wp:featuredmedia":[{"embeddable":true,"href":"https:\/\/www.aceitesmalagon.com\/en\/wp-json\/wp\/v2\/media\/1587"}],"wp:attachment":[{"href":"https:\/\/www.aceitesmalagon.com\/en\/wp-json\/wp\/v2\/media?parent=478"}],"wp:term":[{"taxonomy":"product_cat","embeddable":true,"href":"https:\/\/www.aceitesmalagon.com\/en\/wp-json\/wp\/v2\/product_cat?post=478"},{"taxonomy":"product_tag","embeddable":true,"href":"https:\/\/www.aceitesmalagon.com\/en\/wp-json\/wp\/v2\/product_tag?post=478"}],"curies":[{"name":"wp","href":"https:\/\/api.w.org\/{rel}","templated":true}]}}