{"id":484,"date":"2017-01-24T18:32:08","date_gmt":"2017-01-24T18:32:08","guid":{"rendered":"https:\/\/www.aceitesmalagon.com\/producto\/jabon-pletora-exfoliante\/"},"modified":"2024-01-25T08:32:25","modified_gmt":"2024-01-25T07:32:25","slug":"jabon-pletora-exfoliante","status":"publish","type":"product","link":"https:\/\/www.aceitesmalagon.com\/en\/jabon\/jabon-pletora-exfoliante\/","title":{"rendered":"Jab\u00f3n Pl\u00e9tora Exfoliante"},"content":{"rendered":"<p style=\"text-align: justify;\"><strong>MODO DE EMPLEO\u00a0:<\/strong><\/p>\n<p>\u00a1Cremosidad en tu cuerpo!<\/p>\n<p>Coge el jab\u00f3n, fr\u00f3talo en tus manos o esponja y luego apl\u00edcalo sobre tu cara o cuerpo dejando una peque\u00f1a capa sobre la piel.<\/p>\n<p>D\u00e9jalo actuar y despu\u00e9s acl\u00e1rate con agua y seca tu piel suavemente.<\/p>\n<p><strong>PROPIEDADES DE SUS COMPONENTES\u00a0:<\/strong><\/p>\n<ul>\n<li><strong>C\u00e1scara de nuez molida:<\/strong> Exfoliaci\u00f3n mec\u00e1nica y qu\u00edmica con alfa-hidroxi\u00e1cido y beta-hidroxi\u00e1cido.<\/li>\n<li><strong>Arcilla verde:<\/strong> Depurativa, exfoliante, suavizante, reguladora del sebo de la piel, limpiadora y purificante.<\/li>\n<li><strong>Aceite de oliva y sus derivados:<\/strong> Antioxidante, antiinflamatorio, antimicrobiano, vasodilatador, antienvejecimiento, fotoprotector. Rico en oleuropeina y flavonoides.<\/li>\n<li><strong>Aceite esencial de romero:<\/strong> Antiseborreico, astringente, ligeramente bals\u00e1mico y combate los dolores musculares<\/li>\n<\/ul>\n<p><strong>CONSERVACI\u00d3N:<\/strong><\/p>\n<p>Mantener en lugar seco, fresco y bien ventilado. No exponer a temperaturas superiores a 40\u00baC,<\/p>\n<p><span style=\"color: #b0b44d;\"><em>Detalles de compra&#8230;<\/em><\/span><br \/>\nNo olvide visitar nuestra p\u00e1gina <a href=\"https:\/\/www.aceitesmalagon.com\/condiciones-de-venta-y-entrega\/\">detalles de compra y entrega<\/a> antes de realizar su pedido.<\/p>\n","protected":false},"excerpt":{"rendered":"<p>Muy hidratante, nutritivo y cremoso. Para todo tipo de pieles, incluso las sensibles o delicadas<\/p>\n<p>\u00dasalo para cara, manos o cuerpo. Estos jabones tienen como base una mezcla de aceites en la que predomina el aceite de oliva virgen extra junto con aceite de coco, ricino y almendra dulce, entre otros, lo que los hace ser altamente hidratantes y emolientes.<\/p>\n","protected":false},"featured_media":1577,"comment_status":"open","ping_status":"closed","template":"","meta":{"_trash_the_other_posts":false},"product_cat":[18],"product_tag":[60],"featured_image_urls":{"full":["https:\/\/www.aceitesmalagon.com\/en\/wp-content\/uploads\/sites\/3\/2023\/09\/jabon-exfoliante-768x768-1.jpeg",768,768,false],"thumbnail":["https:\/\/www.aceitesmalagon.com\/en\/wp-content\/uploads\/sites\/3\/2023\/09\/jabon-exfoliante-768x768-1-150x150.jpeg",150,150,true],"medium":["https:\/\/www.aceitesmalagon.com\/en\/wp-content\/uploads\/sites\/3\/2023\/09\/jabon-exfoliante-768x768-1-300x300.jpeg",300,300,true],"medium_large":["https:\/\/www.aceitesmalagon.com\/en\/wp-content\/uploads\/sites\/3\/2023\/09\/jabon-exfoliante-768x768-1.jpeg",768,768,false],"large":["https:\/\/www.aceitesmalagon.com\/en\/wp-content\/uploads\/sites\/3\/2023\/09\/jabon-exfoliante-768x768-1.jpeg",768,768,false],"1536x1536":["https:\/\/www.aceitesmalagon.com\/en\/wp-content\/uploads\/sites\/3\/2023\/09\/jabon-exfoliante-768x768-1.jpeg",768,768,false],"2048x2048":["https:\/\/www.aceitesmalagon.com\/en\/wp-content\/uploads\/sites\/3\/2023\/09\/jabon-exfoliante-768x768-1.jpeg",768,768,false],"woocommerce_archive_thumbnail":["https:\/\/www.aceitesmalagon.com\/en\/wp-content\/uploads\/sites\/3\/2023\/09\/jabon-exfoliante-768x768-1.jpeg",600,600,false],"woocommerce_thumbnail":["https:\/\/www.aceitesmalagon.com\/en\/wp-content\/uploads\/sites\/3\/2023\/09\/jabon-exfoliante-768x768-1.jpeg",600,600,false],"woocommerce_single":["https:\/\/www.aceitesmalagon.com\/en\/wp-content\/uploads\/sites\/3\/2023\/09\/jabon-exfoliante-768x768-1-500x500.jpeg",500,500,true],"woocommerce_gallery_thumbnail":["https:\/\/www.aceitesmalagon.com\/en\/wp-content\/uploads\/sites\/3\/2023\/09\/jabon-exfoliante-768x768-1-100x100.jpeg",100,100,true]},"post_excerpt_stackable":"<p>Muy hidratante, nutritivo y cremoso. Para todo tipo de pieles, incluso las sensibles o delicadas<\/p>\n<p>\u00dasalo para cara, manos o cuerpo. Estos jabones tienen como base una mezcla de aceites en la que predomina el aceite de oliva virgen extra junto con aceite de coco, ricino y almendra dulce, entre otros, lo que los hace ser altamente hidratantes y emolientes.<\/p>\n","category_list":"","author_info":{"name":"","url":""},"comments_num":"0 comments","_links":{"self":[{"href":"https:\/\/www.aceitesmalagon.com\/en\/wp-json\/wp\/v2\/product\/484"}],"collection":[{"href":"https:\/\/www.aceitesmalagon.com\/en\/wp-json\/wp\/v2\/product"}],"about":[{"href":"https:\/\/www.aceitesmalagon.com\/en\/wp-json\/wp\/v2\/types\/product"}],"replies":[{"embeddable":true,"href":"https:\/\/www.aceitesmalagon.com\/en\/wp-json\/wp\/v2\/comments?post=484"}],"wp:featuredmedia":[{"embeddable":true,"href":"https:\/\/www.aceitesmalagon.com\/en\/wp-json\/wp\/v2\/media\/1577"}],"wp:attachment":[{"href":"https:\/\/www.aceitesmalagon.com\/en\/wp-json\/wp\/v2\/media?parent=484"}],"wp:term":[{"taxonomy":"product_cat","embeddable":true,"href":"https:\/\/www.aceitesmalagon.com\/en\/wp-json\/wp\/v2\/product_cat?post=484"},{"taxonomy":"product_tag","embeddable":true,"href":"https:\/\/www.aceitesmalagon.com\/en\/wp-json\/wp\/v2\/product_tag?post=484"}],"curies":[{"name":"wp","href":"https:\/\/api.w.org\/{rel}","templated":true}]}}