{"id":516,"date":"2017-01-25T10:47:42","date_gmt":"2017-01-25T10:47:42","guid":{"rendered":"https:\/\/www.aceitesmalagon.com\/producto\/jabon-pletora-natural-con-nucleo-de-esponja\/"},"modified":"2024-01-25T08:32:09","modified_gmt":"2024-01-25T07:32:09","slug":"jabon-pletora-natural-con-nucleo-de-esponja","status":"publish","type":"product","link":"https:\/\/www.aceitesmalagon.com\/en\/jabon\/jabon-pletora-natural-con-nucleo-de-esponja\/","title":{"rendered":"Jab\u00f3n Pl\u00e9tora Natural con N\u00facleo de Esponja"},"content":{"rendered":"<h4><strong>MODO DE EMPLEO\u00a0:<\/strong><\/h4>\n<p>En la ducha o en el ba\u00f1o moja el jab\u00f3n y fr\u00f3talo suavemente sobre tu piel hasta que sientas su cremosidad y aroma. Enjuaga y seca con suavidad<\/p>\n<h4><strong>PROPIEDADES DE SUS COMPONENTES\u00a0:<\/strong><\/h4>\n<ul>\n<li><strong>Aceite de oliva y sus derivados:<\/strong> Antioxidante, antiinflamatorio, antimicrobiano, vasodilatadora, antienvejecimiento, fotoprotector. Rico en oleuropeina y flavonoides.<\/li>\n<li><strong>Aceite esencial de romero:<\/strong> Antiseborreico, astringente, ligeramente bals\u00e1mico y combate los dolores musculares.<\/li>\n<\/ul>\n<h4>CONSERVACI\u00d3N\u00a0:<\/h4>\n<p>Mantener en lugar seco, fresco y bien ventilado. No exponer a temperaturas superiores a 40\u00baC,<\/p>\n<p><span style=\"color: #b0b44d;\"><em>Detalles de compra&#8230;<\/em><\/span><br \/>\nNo olvide visitar nuestra p\u00e1gina <a href=\"https:\/\/www.aceitesmalagon.com\/condiciones-de-venta-y-entrega\/\">detalles de compra y entrega<\/a> antes de realizar su pedido.<\/p>\n","protected":false},"excerpt":{"rendered":"<p>Limpia, suaviza y mantiene hidratada la piel Jab\u00f3n de Glicerina vegetal con n\u00facleo de esponja corporal, elaborado con aceites y aromas naturales Para Ba\u00f1o o Ducha<\/p>\n","protected":false},"featured_media":1580,"comment_status":"open","ping_status":"closed","template":"","meta":{"_trash_the_other_posts":false},"product_cat":[18],"product_tag":[60],"featured_image_urls":{"full":["https:\/\/www.aceitesmalagon.com\/en\/wp-content\/uploads\/sites\/3\/2023\/09\/jabon-natural-768x768-1.jpeg",768,768,false],"thumbnail":["https:\/\/www.aceitesmalagon.com\/en\/wp-content\/uploads\/sites\/3\/2023\/09\/jabon-natural-768x768-1-150x150.jpeg",150,150,true],"medium":["https:\/\/www.aceitesmalagon.com\/en\/wp-content\/uploads\/sites\/3\/2023\/09\/jabon-natural-768x768-1-300x300.jpeg",300,300,true],"medium_large":["https:\/\/www.aceitesmalagon.com\/en\/wp-content\/uploads\/sites\/3\/2023\/09\/jabon-natural-768x768-1.jpeg",768,768,false],"large":["https:\/\/www.aceitesmalagon.com\/en\/wp-content\/uploads\/sites\/3\/2023\/09\/jabon-natural-768x768-1.jpeg",768,768,false],"1536x1536":["https:\/\/www.aceitesmalagon.com\/en\/wp-content\/uploads\/sites\/3\/2023\/09\/jabon-natural-768x768-1.jpeg",768,768,false],"2048x2048":["https:\/\/www.aceitesmalagon.com\/en\/wp-content\/uploads\/sites\/3\/2023\/09\/jabon-natural-768x768-1.jpeg",768,768,false],"woocommerce_archive_thumbnail":["https:\/\/www.aceitesmalagon.com\/en\/wp-content\/uploads\/sites\/3\/2023\/09\/jabon-natural-768x768-1.jpeg",600,600,false],"woocommerce_thumbnail":["https:\/\/www.aceitesmalagon.com\/en\/wp-content\/uploads\/sites\/3\/2023\/09\/jabon-natural-768x768-1.jpeg",600,600,false],"woocommerce_single":["https:\/\/www.aceitesmalagon.com\/en\/wp-content\/uploads\/sites\/3\/2023\/09\/jabon-natural-768x768-1-500x500.jpeg",500,500,true],"woocommerce_gallery_thumbnail":["https:\/\/www.aceitesmalagon.com\/en\/wp-content\/uploads\/sites\/3\/2023\/09\/jabon-natural-768x768-1-100x100.jpeg",100,100,true]},"post_excerpt_stackable":"<p>Limpia, suaviza y mantiene hidratada la piel Jab\u00f3n de Glicerina vegetal con n\u00facleo de esponja corporal, elaborado con aceites y aromas naturales Para Ba\u00f1o o Ducha<\/p>\n","category_list":"","author_info":{"name":"","url":""},"comments_num":"0 comments","_links":{"self":[{"href":"https:\/\/www.aceitesmalagon.com\/en\/wp-json\/wp\/v2\/product\/516"}],"collection":[{"href":"https:\/\/www.aceitesmalagon.com\/en\/wp-json\/wp\/v2\/product"}],"about":[{"href":"https:\/\/www.aceitesmalagon.com\/en\/wp-json\/wp\/v2\/types\/product"}],"replies":[{"embeddable":true,"href":"https:\/\/www.aceitesmalagon.com\/en\/wp-json\/wp\/v2\/comments?post=516"}],"wp:featuredmedia":[{"embeddable":true,"href":"https:\/\/www.aceitesmalagon.com\/en\/wp-json\/wp\/v2\/media\/1580"}],"wp:attachment":[{"href":"https:\/\/www.aceitesmalagon.com\/en\/wp-json\/wp\/v2\/media?parent=516"}],"wp:term":[{"taxonomy":"product_cat","embeddable":true,"href":"https:\/\/www.aceitesmalagon.com\/en\/wp-json\/wp\/v2\/product_cat?post=516"},{"taxonomy":"product_tag","embeddable":true,"href":"https:\/\/www.aceitesmalagon.com\/en\/wp-json\/wp\/v2\/product_tag?post=516"}],"curies":[{"name":"wp","href":"https:\/\/api.w.org\/{rel}","templated":true}]}}