{"id":518,"date":"2017-01-25T10:50:19","date_gmt":"2017-01-25T10:50:19","guid":{"rendered":"https:\/\/www.aceitesmalagon.com\/producto\/jabon-pletora-efecto-mascarilla-de-pepino\/"},"modified":"2024-01-25T08:32:00","modified_gmt":"2024-01-25T07:32:00","slug":"jabon-pletora-efecto-mascarilla-de-pepino","status":"publish","type":"product","link":"https:\/\/www.aceitesmalagon.com\/en\/jabon\/jabon-pletora-efecto-mascarilla-de-pepino\/","title":{"rendered":"Jab\u00f3n Pl\u00e9tora Efecto Mascarilla de Pepino"},"content":{"rendered":"<h4><strong>MODO DE EMPLEO\u00a0:<\/strong><\/h4>\n<p>\u00a1Alimenta tu piel!<\/p>\n<p style=\"text-align: justify;\">Frotar la pastilla de jab\u00f3n o una porci\u00f3n arrancada de la pastilla con las manos hasta crear una pel\u00edcula arcillosa tipo mascarilla. Aplicar en la cara o zona elegida del cuerpo hasta cubrir totalmente. Dejar actuar durante 2 \u00f3 3 minutos y aclarar directamente con agua. Puede usarse diariamente<\/p>\n<p><strong>PROPIEDADES DE SUS COMPONENTES\u00a0:<\/strong><\/p>\n<ul>\n<li><strong>Arcilla verde:<\/strong> Depurativa, exfoliante, suavizante, reguladora del sebo de la piel, limpiadora y purificante.<\/li>\n<li><strong>Extracto de pepino:<\/strong> Limpiador, astringente, combate las manchas y las arrugas, ayuda a disminuir las bolsas y las ojeras, muy hidratante.<\/li>\n<li><strong>Aceite esencial de lima:<\/strong> Astringente y antis\u00e9ptico.<\/li>\n<\/ul>\n<h4>CONSERVACI\u00d3N\u00a0:<\/h4>\n<p>Mantener en lugar seco, fresco y bien ventilado. No exponer a temperaturas superiores a 40\u00baC,<\/p>\n<p><span style=\"color: #b0b44d;\"><em>Detalles de compra&#8230;<\/em><\/span><br \/>\nNo olvide visitar nuestra p\u00e1gina <a href=\"https:\/\/www.aceitesmalagon.com\/condiciones-de-venta-y-entrega\/\">detalles de compra y entrega<\/a> antes de realizar su pedido.<\/p>\n","protected":false},"excerpt":{"rendered":"<p>Purificante, regenerador celular y buen limpiador facial. Apto para todo tipo de pieles. Para cara o cuerpo<\/p>\n<p>Con una base de jab\u00f3n de glicerina y con aceite de oliva virgen extra , a la que se le a\u00f1ade una buena porci\u00f3n de arcilla m\u00e1s los aditivos de cada modelo, es un jab\u00f3n que al aplicarlo genera una peque\u00f1a pel\u00edcula a modo de mascarilla.<\/p>\n<p>Manteni\u00e9ndola unos minutos en la piel antes de enjuagarla, le aportamos las propiedades de cada modelo al igual que las cualidades antibacterianas y purificantes de la arcilla, que adem\u00e1s limpia la piel en profundidad y produce un efecto relajante. \u00c9sta aporta elasticidad y sensaci\u00f3n de frescor.<\/p>\n<p>Contiene gran cantidad de minerales como el silicio, aluminio, hierro, calcio.<\/p>\n","protected":false},"featured_media":1578,"comment_status":"open","ping_status":"closed","template":"","meta":{"_trash_the_other_posts":false},"product_cat":[18],"product_tag":[60],"featured_image_urls":{"full":["https:\/\/www.aceitesmalagon.com\/en\/wp-content\/uploads\/sites\/3\/2023\/09\/jabon-mascarilla-768x768-1.jpeg",768,768,false],"thumbnail":["https:\/\/www.aceitesmalagon.com\/en\/wp-content\/uploads\/sites\/3\/2023\/09\/jabon-mascarilla-768x768-1-150x150.jpeg",150,150,true],"medium":["https:\/\/www.aceitesmalagon.com\/en\/wp-content\/uploads\/sites\/3\/2023\/09\/jabon-mascarilla-768x768-1-300x300.jpeg",300,300,true],"medium_large":["https:\/\/www.aceitesmalagon.com\/en\/wp-content\/uploads\/sites\/3\/2023\/09\/jabon-mascarilla-768x768-1.jpeg",768,768,false],"large":["https:\/\/www.aceitesmalagon.com\/en\/wp-content\/uploads\/sites\/3\/2023\/09\/jabon-mascarilla-768x768-1.jpeg",768,768,false],"1536x1536":["https:\/\/www.aceitesmalagon.com\/en\/wp-content\/uploads\/sites\/3\/2023\/09\/jabon-mascarilla-768x768-1.jpeg",768,768,false],"2048x2048":["https:\/\/www.aceitesmalagon.com\/en\/wp-content\/uploads\/sites\/3\/2023\/09\/jabon-mascarilla-768x768-1.jpeg",768,768,false],"woocommerce_archive_thumbnail":["https:\/\/www.aceitesmalagon.com\/en\/wp-content\/uploads\/sites\/3\/2023\/09\/jabon-mascarilla-768x768-1.jpeg",600,600,false],"woocommerce_thumbnail":["https:\/\/www.aceitesmalagon.com\/en\/wp-content\/uploads\/sites\/3\/2023\/09\/jabon-mascarilla-768x768-1.jpeg",600,600,false],"woocommerce_single":["https:\/\/www.aceitesmalagon.com\/en\/wp-content\/uploads\/sites\/3\/2023\/09\/jabon-mascarilla-768x768-1-500x500.jpeg",500,500,true],"woocommerce_gallery_thumbnail":["https:\/\/www.aceitesmalagon.com\/en\/wp-content\/uploads\/sites\/3\/2023\/09\/jabon-mascarilla-768x768-1-100x100.jpeg",100,100,true]},"post_excerpt_stackable":"<p>Purificante, regenerador celular y buen limpiador facial. Apto para todo tipo de pieles. Para cara o cuerpo<\/p>\n<p>Con una base de jab\u00f3n de glicerina y con aceite de oliva virgen extra , a la que se le a\u00f1ade una buena porci\u00f3n de arcilla m\u00e1s los aditivos de cada modelo, es un jab\u00f3n que al aplicarlo genera una peque\u00f1a pel\u00edcula a modo de mascarilla.<\/p>\n<p>Manteni\u00e9ndola unos minutos en la piel antes de enjuagarla, le aportamos las propiedades de cada modelo al igual que las cualidades antibacterianas y purificantes de la arcilla, que adem\u00e1s limpia la piel en profundidad y produce un efecto relajante. \u00c9sta aporta elasticidad y sensaci\u00f3n de frescor.<\/p>\n<p>Contiene gran cantidad de minerales como el silicio, aluminio, hierro, calcio.<\/p>\n","category_list":"","author_info":{"name":"","url":""},"comments_num":"0 comments","_links":{"self":[{"href":"https:\/\/www.aceitesmalagon.com\/en\/wp-json\/wp\/v2\/product\/518"}],"collection":[{"href":"https:\/\/www.aceitesmalagon.com\/en\/wp-json\/wp\/v2\/product"}],"about":[{"href":"https:\/\/www.aceitesmalagon.com\/en\/wp-json\/wp\/v2\/types\/product"}],"replies":[{"embeddable":true,"href":"https:\/\/www.aceitesmalagon.com\/en\/wp-json\/wp\/v2\/comments?post=518"}],"wp:featuredmedia":[{"embeddable":true,"href":"https:\/\/www.aceitesmalagon.com\/en\/wp-json\/wp\/v2\/media\/1578"}],"wp:attachment":[{"href":"https:\/\/www.aceitesmalagon.com\/en\/wp-json\/wp\/v2\/media?parent=518"}],"wp:term":[{"taxonomy":"product_cat","embeddable":true,"href":"https:\/\/www.aceitesmalagon.com\/en\/wp-json\/wp\/v2\/product_cat?post=518"},{"taxonomy":"product_tag","embeddable":true,"href":"https:\/\/www.aceitesmalagon.com\/en\/wp-json\/wp\/v2\/product_tag?post=518"}],"curies":[{"name":"wp","href":"https:\/\/api.w.org\/{rel}","templated":true}]}}