{"id":551,"date":"2017-01-25T14:53:55","date_gmt":"2017-01-25T13:53:55","guid":{"rendered":"https:\/\/www.aceitesmalagon.com\/producto\/pletora-aceite-de-oliva-virgen-extra-pimienta\/"},"modified":"2024-01-25T08:29:27","modified_gmt":"2024-01-25T07:29:27","slug":"pletora-aceite-de-oliva-virgen-extra-pimienta","status":"publish","type":"product","link":"https:\/\/www.aceitesmalagon.com\/en\/aceite-aromatizado\/pletora-aceite-de-oliva-virgen-extra-pimienta\/","title":{"rendered":"Pl\u00e9tora Aceite de Oliva Virgen Extra Pimienta 250ml"},"content":{"rendered":"<p><strong>CONSERVACI\u00d3N :<\/strong><\/p>\n<p>En lugar fresco, lejos de cualquier fuente de luz o calor.<\/p>\n<h4><strong>FECHA DE CONSUMO PREFERENTE :<\/strong><\/h4>\n<p>Dos a\u00f1os\u00a0desde la fecha de envasado.<\/p>\n<h4><strong>INFORMACI\u00d3N NUTRICIONAL\u00a0:<\/strong><\/h4>\n<p>Cantidad por Cucharada Raci\u00f3n\u00a015 ml<\/p>\n<ul>\n<li><strong>Calorias:<\/strong> 126<\/li>\n<li><strong>Grasa Total:<\/strong> 14 g \u00a022%<\/li>\n<\/ul>\n<p>de las cuales<\/p>\n<ul>\n<li>Grasas Saturadas: 2,3 g<\/li>\n<li>Grasas Polinsaturadas: 1,5 g<\/li>\n<li>Grasas Monoinsaturadas: 10,2 g<\/li>\n<li>Grasas Trans: 0,0 g<\/li>\n<\/ul>\n<ul>\n<li><strong>Colesterol: <\/strong>0 mg<\/li>\n<li><strong>Sodio:<\/strong> 0 mg<\/li>\n<li><strong>Total Carbohidratos:<\/strong> 0 g<\/li>\n<li><strong>Proteinas:<\/strong> 0 g<\/li>\n<\/ul>\n<h4><strong>PRESENTACI\u00d3N :<\/strong><\/h4>\n<ul>\n<li>Envase cristal 250 ml<\/li>\n<\/ul>\n<p><strong>CARACTER\u00cdSTICAS :<\/strong><\/p>\n<p>Nota de Cata: <em>En nariz destaca su intenso frutado a manzana y almendra verde. En boca es sabroso y ligero, dulce a la entrada y con un elegante amargor y picor al final.<\/em><\/p>\n<p><span style=\"color: #b0b44d\"><em>Detalles de compra&#8230;<\/em><\/span><br \/>\nNo olvide visitar nuestra p\u00e1gina <a href=\"https:\/\/www.aceitesmalagon.com\/condiciones-de-venta-y-entrega\/\">detalles de compra y entrega<\/a> antes de realizar su pedido.<\/p>\n","protected":false},"excerpt":{"rendered":"<p>El ingrediente b\u00e1sico de los aceites aromatizados Pl\u00e9tora es el aceite de oliva virgen extra, genuina ra\u00edz de la cocina mediterr\u00e1nea, levemente macerado en su proporci\u00f3n adecuada con algunos de sus ingredientes b\u00e1sicos en su naturaleza m\u00e1s pura.<\/p>\n","protected":false},"featured_media":1558,"comment_status":"open","ping_status":"closed","template":"","meta":{"_trash_the_other_posts":false},"product_cat":[20],"product_tag":[60],"featured_image_urls":{"full":["https:\/\/www.aceitesmalagon.com\/en\/wp-content\/uploads\/sites\/3\/2023\/09\/aceite-aromatizado-pimienta-negra-768x768-1.jpeg",768,768,false],"thumbnail":["https:\/\/www.aceitesmalagon.com\/en\/wp-content\/uploads\/sites\/3\/2023\/09\/aceite-aromatizado-pimienta-negra-768x768-1-150x150.jpeg",150,150,true],"medium":["https:\/\/www.aceitesmalagon.com\/en\/wp-content\/uploads\/sites\/3\/2023\/09\/aceite-aromatizado-pimienta-negra-768x768-1-300x300.jpeg",300,300,true],"medium_large":["https:\/\/www.aceitesmalagon.com\/en\/wp-content\/uploads\/sites\/3\/2023\/09\/aceite-aromatizado-pimienta-negra-768x768-1.jpeg",768,768,false],"large":["https:\/\/www.aceitesmalagon.com\/en\/wp-content\/uploads\/sites\/3\/2023\/09\/aceite-aromatizado-pimienta-negra-768x768-1.jpeg",768,768,false],"1536x1536":["https:\/\/www.aceitesmalagon.com\/en\/wp-content\/uploads\/sites\/3\/2023\/09\/aceite-aromatizado-pimienta-negra-768x768-1.jpeg",768,768,false],"2048x2048":["https:\/\/www.aceitesmalagon.com\/en\/wp-content\/uploads\/sites\/3\/2023\/09\/aceite-aromatizado-pimienta-negra-768x768-1.jpeg",768,768,false],"woocommerce_archive_thumbnail":["https:\/\/www.aceitesmalagon.com\/en\/wp-content\/uploads\/sites\/3\/2023\/09\/aceite-aromatizado-pimienta-negra-768x768-1.jpeg",600,600,false],"woocommerce_thumbnail":["https:\/\/www.aceitesmalagon.com\/en\/wp-content\/uploads\/sites\/3\/2023\/09\/aceite-aromatizado-pimienta-negra-768x768-1.jpeg",600,600,false],"woocommerce_single":["https:\/\/www.aceitesmalagon.com\/en\/wp-content\/uploads\/sites\/3\/2023\/09\/aceite-aromatizado-pimienta-negra-768x768-1-500x500.jpeg",500,500,true],"woocommerce_gallery_thumbnail":["https:\/\/www.aceitesmalagon.com\/en\/wp-content\/uploads\/sites\/3\/2023\/09\/aceite-aromatizado-pimienta-negra-768x768-1-100x100.jpeg",100,100,true]},"post_excerpt_stackable":"<p>El ingrediente b\u00e1sico de los aceites aromatizados Pl\u00e9tora es el aceite de oliva virgen extra, genuina ra\u00edz de la cocina mediterr\u00e1nea, levemente macerado en su proporci\u00f3n adecuada con algunos de sus ingredientes b\u00e1sicos en su naturaleza m\u00e1s pura.<\/p>\n","category_list":"","author_info":{"name":"","url":""},"comments_num":"0 comments","_links":{"self":[{"href":"https:\/\/www.aceitesmalagon.com\/en\/wp-json\/wp\/v2\/product\/551"}],"collection":[{"href":"https:\/\/www.aceitesmalagon.com\/en\/wp-json\/wp\/v2\/product"}],"about":[{"href":"https:\/\/www.aceitesmalagon.com\/en\/wp-json\/wp\/v2\/types\/product"}],"replies":[{"embeddable":true,"href":"https:\/\/www.aceitesmalagon.com\/en\/wp-json\/wp\/v2\/comments?post=551"}],"wp:featuredmedia":[{"embeddable":true,"href":"https:\/\/www.aceitesmalagon.com\/en\/wp-json\/wp\/v2\/media\/1558"}],"wp:attachment":[{"href":"https:\/\/www.aceitesmalagon.com\/en\/wp-json\/wp\/v2\/media?parent=551"}],"wp:term":[{"taxonomy":"product_cat","embeddable":true,"href":"https:\/\/www.aceitesmalagon.com\/en\/wp-json\/wp\/v2\/product_cat?post=551"},{"taxonomy":"product_tag","embeddable":true,"href":"https:\/\/www.aceitesmalagon.com\/en\/wp-json\/wp\/v2\/product_tag?post=551"}],"curies":[{"name":"wp","href":"https:\/\/api.w.org\/{rel}","templated":true}]}}